{"id":10,"date":"2021-12-01T12:18:00","date_gmt":"2021-12-01T12:18:00","guid":{"rendered":"https:\/\/galleri-guldlok.dk\/?page_id=10"},"modified":"2025-10-25T16:40:40","modified_gmt":"2025-10-25T16:40:40","slug":"velkommen","status":"publish","type":"page","link":"https:\/\/galleri-guldlok.dk\/","title":{"rendered":"Velkommen"},"content":{"rendered":"\n<p><\/p>\n\n\n\n<p class=\"has-text-align-center has-text-color has-link-color wp-elements-c9f23c750b8b1ef8280e6141719f192d\" style=\"color:#b35716;font-size:25px\">Hjertelig Velkommen <br>til mine magiske portaler<br>malerier og naturbilleder<\/p>\n\n\n\n<p class=\"has-text-align-center has-text-color has-link-color wp-elements-9bf3442f99f326b5ef1dfc5a4e72d26d\" style=\"color:#531a88;font-size:19px\">Lad billeder og den smukke energi der ligger i hvert et intuitivt billede &#8211; favne dig<\/p>\n\n\n\n<p class=\"has-text-align-center has-text-color has-link-color wp-elements-c0a99abd597b0a372fc93128394ab0d5\" style=\"color:#531a88;font-size:18px\">Lad fantasi <br>og forestillingsevne <br>f\u00e5 frit l\u00f8b<br>gennem de intuitive billeder <br>der resonerer med dig<\/p>\n\n\n\n<p class=\"has-text-align-center has-text-color has-link-color wp-elements-0c2879bda7529c8fd1ab5b981f8dc4f3\" style=\"color:#531a88;font-size:18px\">Ved<br>Intuitiv Pianist og Billedkunstner <br>AnnaBodil Lildholdt Rytz<\/p>\n\n\n<div class=\"wp-block-image\">\n<figure class=\"aligncenter size-full is-resized\"><img loading=\"lazy\" decoding=\"async\" width=\"325\" height=\"387\" src=\"https:\/\/galleri-guldlok.dk\/wp-content\/uploads\/2025\/10\/Straalen.jpg\" alt=\"\" class=\"wp-image-452\" style=\"width:325px;height:auto\" srcset=\"https:\/\/galleri-guldlok.dk\/wp-content\/uploads\/2025\/10\/Straalen.jpg 325w, https:\/\/galleri-guldlok.dk\/wp-content\/uploads\/2025\/10\/Straalen-252x300.jpg 252w\" sizes=\"auto, (max-width: 325px) 100vw, 325px\" \/><figcaption class=\"wp-element-caption\"> lilla str\u00e5le i Svinkl\u00f8v Plantage<\/figcaption><\/figure>\n<\/div>\n\n\n<p class=\"has-text-align-center has-medium-font-size\"><\/p>\n\n\n\n<p class=\"has-text-align-center has-text-color has-link-color has-medium-font-size wp-elements-0e334158b01cdb27fcea4998ce9e8a37\" style=\"color:#b35716\">KUNSTEN AT FOTOGRAFERE<\/p>\n\n\n\n<p class=\"has-text-align-center has-text-color has-link-color wp-elements-f83fd342b5a6c7a3deaf021cd8ff0699\" style=\"color:#531a88\">N\u00e5r jeg f\u00e6rdes i naturen, har jeg altid en mobil i lommen. Nemt at tage den frem, hvis et motiv pludselig dukker op &#8211; som oftest uden varsel. Pludselig er motivet der &#8211; kan f\u00f8les som opst\u00e5et ud af den bl\u00e5 luft. En fantastisk oplevelse, hvor du f\u00f8ler dig i et med noget langt st\u00f8rre end dig selv! Jeg oplever det n\u00e6sten altid, der, hvor jeg i fuld tillid overlader min f\u00e6rden til det intuitive sind! ! Det er s\u00e5ledes ogs\u00e5 mit intuitive sind, der styrer mit arbejder, n\u00e5r jeg arbejder videre med billeder som i <a href=\"https:\/\/galleri-guldlok.dk\/index.php\/portaler-i-naturen\/\">Naturens portaler<\/a><\/p>\n\n\n\n<h2 class=\"wp-block-heading has-text-align-center has-text-color has-link-color wp-elements-bb979e5c7b0afc697942294c963fe789\" style=\"color:#b35716\">MINE MALERIER OG MUSIK<\/h2>\n\n\n\n<p class=\"has-text-align-center has-text-color has-link-color wp-elements-c9592c5d853c804703da34139456abbd\" style=\"color:#531a88\">Jeg gl\u00e6der mig til at vise dig mine billeder ikke blot fotografier, men ogs\u00e5 mine intuitive <a href=\"https:\/\/galleri-guldlok.dk\/index.php\/portaler-i-malerier\/\">malerier<\/a> &#8211; og &#8211; ikke mindst hvad der sker, n\u00e5r <a href=\"https:\/\/galleri-guldlok.dk\/index.php\/billeder-og-musik\/\">billeder og musik<\/a> s\u00e6ttes sammen.<\/p>\n\n\n\n<p class=\"has-text-align-center has-text-color has-link-color wp-elements-c1bcbc77cf7e68a98104afb5b6e570c2\" style=\"color:#531a88\">I disse sm\u00e5 v\u00e6rker, kan du g\u00e5r p\u00e5 opdagelse i et maleri p\u00e5 en anden m\u00e5de, end n\u00e5r du betragter maleriet alene. Du vil m\u00e5ske opdage, hvorledes stemningen i musikken er med til at forvandle maleriet (eller dig) undervejs! Sm\u00e5 skikkelser dukker op; ansigter, dyr, sm\u00e5 v\u00e6sner m\u00e5ske nogen du kender\/ikke kender, eller anden symbolik der netop dukker frem, fordi det er DIG, der er SEEREN.<\/p>\n\n\n\n<p class=\"has-text-align-center has-text-color has-link-color wp-elements-09b15ef6b39935af494f5f53bd724012\" style=\"color:#531a88\">Rigtig god forn\u00f8jelse!  <br>H\u00e5ber du vil nyde mine sider, og tak fordi du kigger med!<\/p>\n\n\n\n<p class=\"has-text-align-center has-text-color has-link-color wp-elements-0ea2dcf34264b08c5ac1b4f731e584de\" style=\"color:#531a88\">K\u00e6rlig hilsen <br>AnnaBodil Lildholdt Rytz<\/p>\n\n\n<div class=\"wp-block-image\">\n<figure class=\"aligncenter size-full\"><img loading=\"lazy\" decoding=\"async\" width=\"437\" height=\"382\" src=\"https:\/\/galleri-guldlok.dk\/wp-content\/uploads\/2025\/04\/sol-lyset.jpg\" alt=\"\" class=\"wp-image-105\" srcset=\"https:\/\/galleri-guldlok.dk\/wp-content\/uploads\/2025\/04\/sol-lyset.jpg 437w, https:\/\/galleri-guldlok.dk\/wp-content\/uploads\/2025\/04\/sol-lyset-300x262.jpg 300w\" sizes=\"auto, (max-width: 437px) 100vw, 437px\" \/><figcaption class=\"wp-element-caption\">Hver str\u00e5le har betydning, som ogs\u00e5 hvert et menneske, du m\u00f8der i livet!<br><\/figcaption><\/figure>\n<\/div>\n\n\n<p class=\"has-text-align-center has-text-color has-link-color wp-elements-21a63439006b210e602de6794b2ac2af\" style=\"color:#531a88\"><a href=\"https:\/\/galleri-guldlok.dk\/\">Til Toppen<\/a><\/p>\n","protected":false},"excerpt":{"rendered":"<p>Hjertelig Velkommen til mine magiske portalermalerier og naturbilleder Lad billeder og den smukke energi der ligger i hvert et intuitivt billede &#8211; favne dig Lad fantasi og forestillingsevne f\u00e5 frit l\u00f8bgennem de intuitive billeder der resonerer med dig VedIntuitiv Pianist og Billedkunstner AnnaBodil Lildholdt Rytz KUNSTEN AT FOTOGRAFERE N\u00e5r jeg f\u00e6rdes i naturen, har jeg &hellip; <\/p>\n<p class=\"link-more\"><a href=\"https:\/\/galleri-guldlok.dk\/\" class=\"more-link\">L\u00e6s videre<span class=\"screen-reader-text\"> &#8220;Velkommen&#8221;<\/span><\/a><\/p>\n","protected":false},"author":1,"featured_media":0,"parent":0,"menu_order":0,"comment_status":"closed","ping_status":"closed","template":"","meta":{"footnotes":""},"class_list":["post-10","page","type-page","status-publish","hentry"],"yoast_head":"<!-- This site is optimized with the Yoast SEO plugin v27.3 - https:\/\/yoast.com\/product\/yoast-seo-wordpress\/ -->\n<title>Velkommen - galleri-guldlok<\/title>\n<meta name=\"description\" content=\"Velkommen til mine magiske billeder og portaler - Lad din fantasi og forestillingsevne f\u00e5 frit l\u00f8b gennem intuitive malerier og naturbilleder\" \/>\n<meta name=\"robots\" content=\"index, follow, max-snippet:-1, max-image-preview:large, max-video-preview:-1\" \/>\n<link rel=\"canonical\" href=\"https:\/\/galleri-guldlok.dk\/\" \/>\n<meta property=\"og:locale\" content=\"da_DK\" \/>\n<meta property=\"og:type\" content=\"article\" \/>\n<meta property=\"og:title\" content=\"Velkommen - galleri-guldlok\" \/>\n<meta property=\"og:description\" content=\"Velkommen til mine magiske billeder og portaler - Lad din fantasi og forestillingsevne f\u00e5 frit l\u00f8b gennem intuitive malerier og naturbilleder\" \/>\n<meta property=\"og:url\" content=\"https:\/\/galleri-guldlok.dk\/\" \/>\n<meta property=\"og:site_name\" content=\"galleri-guldlok\" \/>\n<meta property=\"article:modified_time\" content=\"2025-10-25T16:40:40+00:00\" \/>\n<meta property=\"og:image\" content=\"https:\/\/galleri-guldlok.dk\/wp-content\/uploads\/2025\/10\/Straalen.jpg\" \/>\n\t<meta property=\"og:image:width\" content=\"325\" \/>\n\t<meta property=\"og:image:height\" content=\"387\" \/>\n\t<meta property=\"og:image:type\" content=\"image\/jpeg\" \/>\n<meta name=\"twitter:card\" content=\"summary_large_image\" \/>\n<meta name=\"twitter:label1\" content=\"Estimeret l\u00e6setid\" \/>\n\t<meta name=\"twitter:data1\" content=\"2 minutter\" \/>\n<script type=\"application\/ld+json\" class=\"yoast-schema-graph\">{\"@context\":\"https:\\\/\\\/schema.org\",\"@graph\":[{\"@type\":\"WebPage\",\"@id\":\"https:\\\/\\\/galleri-guldlok.dk\\\/\",\"url\":\"https:\\\/\\\/galleri-guldlok.dk\\\/\",\"name\":\"Velkommen - galleri-guldlok\",\"isPartOf\":{\"@id\":\"https:\\\/\\\/galleri-guldlok.dk\\\/#website\"},\"primaryImageOfPage\":{\"@id\":\"https:\\\/\\\/galleri-guldlok.dk\\\/#primaryimage\"},\"image\":{\"@id\":\"https:\\\/\\\/galleri-guldlok.dk\\\/#primaryimage\"},\"thumbnailUrl\":\"https:\\\/\\\/galleri-guldlok.dk\\\/wp-content\\\/uploads\\\/2025\\\/10\\\/Straalen.jpg\",\"datePublished\":\"2021-12-01T12:18:00+00:00\",\"dateModified\":\"2025-10-25T16:40:40+00:00\",\"description\":\"Velkommen til mine magiske billeder og portaler - Lad din fantasi og forestillingsevne f\u00e5 frit l\u00f8b gennem intuitive malerier og naturbilleder\",\"breadcrumb\":{\"@id\":\"https:\\\/\\\/galleri-guldlok.dk\\\/#breadcrumb\"},\"inLanguage\":\"da-DK\",\"potentialAction\":[{\"@type\":\"ReadAction\",\"target\":[\"https:\\\/\\\/galleri-guldlok.dk\\\/\"]}]},{\"@type\":\"ImageObject\",\"inLanguage\":\"da-DK\",\"@id\":\"https:\\\/\\\/galleri-guldlok.dk\\\/#primaryimage\",\"url\":\"https:\\\/\\\/galleri-guldlok.dk\\\/wp-content\\\/uploads\\\/2025\\\/10\\\/Straalen.jpg\",\"contentUrl\":\"https:\\\/\\\/galleri-guldlok.dk\\\/wp-content\\\/uploads\\\/2025\\\/10\\\/Straalen.jpg\",\"width\":325,\"height\":387},{\"@type\":\"BreadcrumbList\",\"@id\":\"https:\\\/\\\/galleri-guldlok.dk\\\/#breadcrumb\",\"itemListElement\":[{\"@type\":\"ListItem\",\"position\":1,\"name\":\"Hjem\",\"item\":\"https:\\\/\\\/galleri-guldlok.dk\\\/\"},{\"@type\":\"ListItem\",\"position\":2,\"name\":\"Velkommen\"}]},{\"@type\":\"WebSite\",\"@id\":\"https:\\\/\\\/galleri-guldlok.dk\\\/#website\",\"url\":\"https:\\\/\\\/galleri-guldlok.dk\\\/\",\"name\":\"galleri-guldlok\",\"description\":\"En magisk billedeverden v\\\/AnnaBodil Lildholdt Rytz\",\"publisher\":{\"@id\":\"https:\\\/\\\/galleri-guldlok.dk\\\/#\\\/schema\\\/person\\\/13f16e1261ba18c8bc6c47510b9355ee\"},\"potentialAction\":[{\"@type\":\"SearchAction\",\"target\":{\"@type\":\"EntryPoint\",\"urlTemplate\":\"https:\\\/\\\/galleri-guldlok.dk\\\/?s={search_term_string}\"},\"query-input\":{\"@type\":\"PropertyValueSpecification\",\"valueRequired\":true,\"valueName\":\"search_term_string\"}}],\"inLanguage\":\"da-DK\"},{\"@type\":[\"Person\",\"Organization\"],\"@id\":\"https:\\\/\\\/galleri-guldlok.dk\\\/#\\\/schema\\\/person\\\/13f16e1261ba18c8bc6c47510b9355ee\",\"name\":\"admin\",\"image\":{\"@type\":\"ImageObject\",\"inLanguage\":\"da-DK\",\"@id\":\"https:\\\/\\\/galleri-guldlok.dk\\\/wp-content\\\/uploads\\\/2025\\\/04\\\/cropped-solsving.jpg\",\"url\":\"https:\\\/\\\/galleri-guldlok.dk\\\/wp-content\\\/uploads\\\/2025\\\/04\\\/cropped-solsving.jpg\",\"contentUrl\":\"https:\\\/\\\/galleri-guldlok.dk\\\/wp-content\\\/uploads\\\/2025\\\/04\\\/cropped-solsving.jpg\",\"width\":2000,\"height\":1200,\"caption\":\"admin\"},\"logo\":{\"@id\":\"https:\\\/\\\/galleri-guldlok.dk\\\/wp-content\\\/uploads\\\/2025\\\/04\\\/cropped-solsving.jpg\"},\"sameAs\":[\"https:\\\/\\\/galleri-guldlok.dk\"]}]}<\/script>\n<!-- \/ Yoast SEO plugin. -->","yoast_head_json":{"title":"Velkommen - galleri-guldlok","description":"Velkommen til mine magiske billeder og portaler - Lad din fantasi og forestillingsevne f\u00e5 frit l\u00f8b gennem intuitive malerier og naturbilleder","robots":{"index":"index","follow":"follow","max-snippet":"max-snippet:-1","max-image-preview":"max-image-preview:large","max-video-preview":"max-video-preview:-1"},"canonical":"https:\/\/galleri-guldlok.dk\/","og_locale":"da_DK","og_type":"article","og_title":"Velkommen - galleri-guldlok","og_description":"Velkommen til mine magiske billeder og portaler - Lad din fantasi og forestillingsevne f\u00e5 frit l\u00f8b gennem intuitive malerier og naturbilleder","og_url":"https:\/\/galleri-guldlok.dk\/","og_site_name":"galleri-guldlok","article_modified_time":"2025-10-25T16:40:40+00:00","og_image":[{"width":325,"height":387,"url":"https:\/\/galleri-guldlok.dk\/wp-content\/uploads\/2025\/10\/Straalen.jpg","type":"image\/jpeg"}],"twitter_card":"summary_large_image","twitter_misc":{"Estimeret l\u00e6setid":"2 minutter"},"schema":{"@context":"https:\/\/schema.org","@graph":[{"@type":"WebPage","@id":"https:\/\/galleri-guldlok.dk\/","url":"https:\/\/galleri-guldlok.dk\/","name":"Velkommen - galleri-guldlok","isPartOf":{"@id":"https:\/\/galleri-guldlok.dk\/#website"},"primaryImageOfPage":{"@id":"https:\/\/galleri-guldlok.dk\/#primaryimage"},"image":{"@id":"https:\/\/galleri-guldlok.dk\/#primaryimage"},"thumbnailUrl":"https:\/\/galleri-guldlok.dk\/wp-content\/uploads\/2025\/10\/Straalen.jpg","datePublished":"2021-12-01T12:18:00+00:00","dateModified":"2025-10-25T16:40:40+00:00","description":"Velkommen til mine magiske billeder og portaler - Lad din fantasi og forestillingsevne f\u00e5 frit l\u00f8b gennem intuitive malerier og naturbilleder","breadcrumb":{"@id":"https:\/\/galleri-guldlok.dk\/#breadcrumb"},"inLanguage":"da-DK","potentialAction":[{"@type":"ReadAction","target":["https:\/\/galleri-guldlok.dk\/"]}]},{"@type":"ImageObject","inLanguage":"da-DK","@id":"https:\/\/galleri-guldlok.dk\/#primaryimage","url":"https:\/\/galleri-guldlok.dk\/wp-content\/uploads\/2025\/10\/Straalen.jpg","contentUrl":"https:\/\/galleri-guldlok.dk\/wp-content\/uploads\/2025\/10\/Straalen.jpg","width":325,"height":387},{"@type":"BreadcrumbList","@id":"https:\/\/galleri-guldlok.dk\/#breadcrumb","itemListElement":[{"@type":"ListItem","position":1,"name":"Hjem","item":"https:\/\/galleri-guldlok.dk\/"},{"@type":"ListItem","position":2,"name":"Velkommen"}]},{"@type":"WebSite","@id":"https:\/\/galleri-guldlok.dk\/#website","url":"https:\/\/galleri-guldlok.dk\/","name":"galleri-guldlok","description":"En magisk billedeverden v\/AnnaBodil Lildholdt Rytz","publisher":{"@id":"https:\/\/galleri-guldlok.dk\/#\/schema\/person\/13f16e1261ba18c8bc6c47510b9355ee"},"potentialAction":[{"@type":"SearchAction","target":{"@type":"EntryPoint","urlTemplate":"https:\/\/galleri-guldlok.dk\/?s={search_term_string}"},"query-input":{"@type":"PropertyValueSpecification","valueRequired":true,"valueName":"search_term_string"}}],"inLanguage":"da-DK"},{"@type":["Person","Organization"],"@id":"https:\/\/galleri-guldlok.dk\/#\/schema\/person\/13f16e1261ba18c8bc6c47510b9355ee","name":"admin","image":{"@type":"ImageObject","inLanguage":"da-DK","@id":"https:\/\/galleri-guldlok.dk\/wp-content\/uploads\/2025\/04\/cropped-solsving.jpg","url":"https:\/\/galleri-guldlok.dk\/wp-content\/uploads\/2025\/04\/cropped-solsving.jpg","contentUrl":"https:\/\/galleri-guldlok.dk\/wp-content\/uploads\/2025\/04\/cropped-solsving.jpg","width":2000,"height":1200,"caption":"admin"},"logo":{"@id":"https:\/\/galleri-guldlok.dk\/wp-content\/uploads\/2025\/04\/cropped-solsving.jpg"},"sameAs":["https:\/\/galleri-guldlok.dk"]}]}},"_links":{"self":[{"href":"https:\/\/galleri-guldlok.dk\/index.php\/wp-json\/wp\/v2\/pages\/10","targetHints":{"allow":["GET"]}}],"collection":[{"href":"https:\/\/galleri-guldlok.dk\/index.php\/wp-json\/wp\/v2\/pages"}],"about":[{"href":"https:\/\/galleri-guldlok.dk\/index.php\/wp-json\/wp\/v2\/types\/page"}],"author":[{"embeddable":true,"href":"https:\/\/galleri-guldlok.dk\/index.php\/wp-json\/wp\/v2\/users\/1"}],"replies":[{"embeddable":true,"href":"https:\/\/galleri-guldlok.dk\/index.php\/wp-json\/wp\/v2\/comments?post=10"}],"version-history":[{"count":124,"href":"https:\/\/galleri-guldlok.dk\/index.php\/wp-json\/wp\/v2\/pages\/10\/revisions"}],"predecessor-version":[{"id":795,"href":"https:\/\/galleri-guldlok.dk\/index.php\/wp-json\/wp\/v2\/pages\/10\/revisions\/795"}],"wp:attachment":[{"href":"https:\/\/galleri-guldlok.dk\/index.php\/wp-json\/wp\/v2\/media?parent=10"}],"curies":[{"name":"wp","href":"https:\/\/api.w.org\/{rel}","templated":true}]}}