{"id":11,"date":"2021-12-01T12:18:00","date_gmt":"2021-12-01T12:18:00","guid":{"rendered":"https:\/\/galleri-guldlok.dk\/?page_id=11"},"modified":"2025-10-25T17:01:28","modified_gmt":"2025-10-25T17:01:28","slug":"om","status":"publish","type":"page","link":"https:\/\/galleri-guldlok.dk\/index.php\/om\/","title":{"rendered":"Om"},"content":{"rendered":"\n<h2 class=\"wp-block-heading has-text-align-center\">HVAD SKER DER<\/h2>\n\n\n\n<p class=\"has-text-align-center\">n\u00e5r du lader dig f\u00f8re<br>af dit intuitive sind i samklang <br>med noget langt st\u00f8rre end dig selv?<br>F\u00f8lg med p\u00e5 min hjemmeside &#8211; h\u00f8r mit bud!<\/p>\n\n\n<div class=\"wp-block-image\">\n<figure class=\"aligncenter size-large is-resized\"><img loading=\"lazy\" decoding=\"async\" width=\"1024\" height=\"700\" src=\"https:\/\/galleri-guldlok.dk\/wp-content\/uploads\/2025\/10\/sol-over-traetoppe-1024x700.jpg\" alt=\"\" class=\"wp-image-633\" style=\"width:486px;height:auto\" srcset=\"https:\/\/galleri-guldlok.dk\/wp-content\/uploads\/2025\/10\/sol-over-traetoppe-1024x700.jpg 1024w, https:\/\/galleri-guldlok.dk\/wp-content\/uploads\/2025\/10\/sol-over-traetoppe-300x205.jpg 300w, https:\/\/galleri-guldlok.dk\/wp-content\/uploads\/2025\/10\/sol-over-traetoppe-768x525.jpg 768w, https:\/\/galleri-guldlok.dk\/wp-content\/uploads\/2025\/10\/sol-over-traetoppe-1536x1049.jpg 1536w, https:\/\/galleri-guldlok.dk\/wp-content\/uploads\/2025\/10\/sol-over-traetoppe.jpg 2048w\" sizes=\"auto, (max-width: 767px) 89vw, (max-width: 1000px) 54vw, (max-width: 1071px) 543px, 580px\" \/><\/figure>\n<\/div>\n\n\n<p class=\"has-text-align-center\">Hvem er jeg<br>Udover at jeg er <a data-type=\"link\" data-id=\"https:\/\/www.sacredbodysound.dk\/\" href=\"https:\/\/www.sacredbodysound.dk\/\">Intuitiv pianist<\/a> m.m. erkl\u00e6rer jeg ogs\u00e5 mig selv for Intuitiv fotograf. Har altid min mobil med mig i lommen, is\u00e6r n\u00e5r jeg f\u00e6rdes ude i naturen! Den er nem at tage frem, hvis et motiv &#8211; ofte uden varsel &#8211; pludselig skulle vise sig; hvilket sker ret s\u00e5 ofte, n\u00e5r du lader dit intuitive sind r\u00e5de. Der hvor du lytter med Hjertet!<\/p>\n\n\n\n<p class=\"has-text-align-center\">Jeg vil p\u00e5 denne hjemmeside gerne dele fotos med dig fra bl.a. min f\u00e6rden i naturen. Samt dele oplevelser med dig omkring mine intuitive malerier. Og &#8211; men ikke mindst &#8211; hvorfor jeg ser nogle billeder som portaler, andre for mystiske udover normale, smukke billeder!<\/p>\n\n\n\n<p class=\"has-text-align-center\">M\u00e5ske kan det hj\u00e6lpe dig \u2013 som det har hjulpet mig \u2013 til at se noget, som vi ellers ikke umiddelbart ser eller l\u00e6gger m\u00e6rke til. <\/p>\n\n\n\n<p class=\"has-text-align-center\">Det vil gl\u00e6de mig, om du har lyst til at f\u00f8lges med mig et stykke af vejen p\u00e5 min rejse ind i det magiske univers, og lade dig f\u00f8re &#8211; som jeg &#8211; af dit intuitive \u00e5bne sind til rummet, der, hvor alt synes at kunne ske!<\/p>\n\n\n\n<p class=\"has-text-align-center\">Tak for din tillid og fordi du er med!<\/p>\n\n\n\n<p class=\"has-text-align-center\">Siderne opdateres l\u00f8bende, og jeg gl\u00e6der mig til at vise dig mere!<\/p>\n\n\n\n<p class=\"has-text-align-center\">K\u00e6rlig hilsen<br>AnnaBodil Lildholdt Rytz<\/p>\n\n\n\n<p class=\"has-text-align-center\"><br><a data-type=\"page\" data-id=\"72\" href=\"https:\/\/galleri-guldlok.dk\/index.php\/magiske-foto\/\">Magi og Mystik<\/a><br><a href=\"https:\/\/galleri-guldlok.dk\/index.php\/billeder-og-musik\/\">Billeder og Musik<\/a><br><a href=\"https:\/\/galleri-guldlok.dk\/index.php\/portaler-i-naturen\/\">Portaler i Naturen<\/a><br><a href=\"https:\/\/galleri-guldlok.dk\/index.php\/portaler-i-malerier\/\">Portaler i Malerier<\/a><br><a href=\"https:\/\/galleri-guldlok.dk\/\">Forside &#8211; Velkommen<\/a><\/p>\n\n\n\n<p class=\"has-text-align-center\"><a href=\"https:\/\/galleri-guldlok.dk\/index.php\/butik\/\">Butik<\/a><br><a href=\"https:\/\/galleri-guldlok.dk\/index.php\/kontakt-og-link\/\">Kontakt og Link<\/a><br><\/p>\n\n\n\n<p class=\"has-text-align-center\"><\/p>\n\n\n\n<p class=\"has-text-align-center\"><\/p>\n\n\n\n<p class=\"has-text-align-center\"><\/p>\n\n\n\n<p class=\"has-text-align-center\"><\/p>\n","protected":false},"excerpt":{"rendered":"<p>HVAD SKER DER n\u00e5r du lader dig f\u00f8reaf dit intuitive sind i samklang med noget langt st\u00f8rre end dig selv?F\u00f8lg med p\u00e5 min hjemmeside &#8211; h\u00f8r mit bud! Hvem er jegUdover at jeg er Intuitiv pianist m.m. erkl\u00e6rer jeg ogs\u00e5 mig selv for Intuitiv fotograf. Har altid min mobil med mig i lommen, is\u00e6r n\u00e5r &hellip; <\/p>\n<p class=\"link-more\"><a href=\"https:\/\/galleri-guldlok.dk\/index.php\/om\/\" class=\"more-link\">L\u00e6s videre<span class=\"screen-reader-text\"> &#8220;Om&#8221;<\/span><\/a><\/p>\n","protected":false},"author":1,"featured_media":0,"parent":0,"menu_order":0,"comment_status":"closed","ping_status":"closed","template":"","meta":{"footnotes":""},"class_list":["post-11","page","type-page","status-publish","hentry"],"yoast_head":"<!-- This site is optimized with the Yoast SEO plugin v27.3 - https:\/\/yoast.com\/product\/yoast-seo-wordpress\/ -->\n<title>Om - galleri-guldlok<\/title>\n<meta name=\"description\" content=\"Udover at v\u00e6re intuitiv pianist og fotograf - elsker jeg tegninger og malerier, der gennem samme fort\u00e6ller os om energi og frekvens i billedet\" \/>\n<meta name=\"robots\" content=\"index, follow, max-snippet:-1, max-image-preview:large, max-video-preview:-1\" \/>\n<link rel=\"canonical\" href=\"https:\/\/galleri-guldlok.dk\/index.php\/om\/\" \/>\n<meta property=\"og:locale\" content=\"da_DK\" \/>\n<meta property=\"og:type\" content=\"article\" \/>\n<meta property=\"og:title\" content=\"Om - galleri-guldlok\" \/>\n<meta property=\"og:description\" content=\"Udover at v\u00e6re intuitiv pianist og fotograf - elsker jeg tegninger og malerier, der gennem samme fort\u00e6ller os om energi og frekvens i billedet\" \/>\n<meta property=\"og:url\" content=\"https:\/\/galleri-guldlok.dk\/index.php\/om\/\" \/>\n<meta property=\"og:site_name\" content=\"galleri-guldlok\" \/>\n<meta property=\"article:modified_time\" content=\"2025-10-25T17:01:28+00:00\" \/>\n<meta property=\"og:image\" content=\"https:\/\/galleri-guldlok.dk\/wp-content\/uploads\/2025\/10\/sol-over-traetoppe.jpg\" \/>\n\t<meta property=\"og:image:width\" content=\"2048\" \/>\n\t<meta property=\"og:image:height\" content=\"1399\" \/>\n\t<meta property=\"og:image:type\" content=\"image\/jpeg\" \/>\n<meta name=\"twitter:card\" content=\"summary_large_image\" \/>\n<meta name=\"twitter:label1\" content=\"Estimeret l\u00e6setid\" \/>\n\t<meta name=\"twitter:data1\" content=\"2 minutter\" \/>\n<script type=\"application\/ld+json\" class=\"yoast-schema-graph\">{\"@context\":\"https:\\\/\\\/schema.org\",\"@graph\":[{\"@type\":\"WebPage\",\"@id\":\"https:\\\/\\\/galleri-guldlok.dk\\\/index.php\\\/om\\\/\",\"url\":\"https:\\\/\\\/galleri-guldlok.dk\\\/index.php\\\/om\\\/\",\"name\":\"Om - galleri-guldlok\",\"isPartOf\":{\"@id\":\"https:\\\/\\\/galleri-guldlok.dk\\\/#website\"},\"primaryImageOfPage\":{\"@id\":\"https:\\\/\\\/galleri-guldlok.dk\\\/index.php\\\/om\\\/#primaryimage\"},\"image\":{\"@id\":\"https:\\\/\\\/galleri-guldlok.dk\\\/index.php\\\/om\\\/#primaryimage\"},\"thumbnailUrl\":\"https:\\\/\\\/galleri-guldlok.dk\\\/wp-content\\\/uploads\\\/2025\\\/10\\\/sol-over-traetoppe-1024x700.jpg\",\"datePublished\":\"2021-12-01T12:18:00+00:00\",\"dateModified\":\"2025-10-25T17:01:28+00:00\",\"description\":\"Udover at v\u00e6re intuitiv pianist og fotograf - elsker jeg tegninger og malerier, der gennem samme fort\u00e6ller os om energi og frekvens i billedet\",\"breadcrumb\":{\"@id\":\"https:\\\/\\\/galleri-guldlok.dk\\\/index.php\\\/om\\\/#breadcrumb\"},\"inLanguage\":\"da-DK\",\"potentialAction\":[{\"@type\":\"ReadAction\",\"target\":[\"https:\\\/\\\/galleri-guldlok.dk\\\/index.php\\\/om\\\/\"]}]},{\"@type\":\"ImageObject\",\"inLanguage\":\"da-DK\",\"@id\":\"https:\\\/\\\/galleri-guldlok.dk\\\/index.php\\\/om\\\/#primaryimage\",\"url\":\"https:\\\/\\\/galleri-guldlok.dk\\\/wp-content\\\/uploads\\\/2025\\\/10\\\/sol-over-traetoppe.jpg\",\"contentUrl\":\"https:\\\/\\\/galleri-guldlok.dk\\\/wp-content\\\/uploads\\\/2025\\\/10\\\/sol-over-traetoppe.jpg\",\"width\":2048,\"height\":1399},{\"@type\":\"BreadcrumbList\",\"@id\":\"https:\\\/\\\/galleri-guldlok.dk\\\/index.php\\\/om\\\/#breadcrumb\",\"itemListElement\":[{\"@type\":\"ListItem\",\"position\":1,\"name\":\"Hjem\",\"item\":\"https:\\\/\\\/galleri-guldlok.dk\\\/\"},{\"@type\":\"ListItem\",\"position\":2,\"name\":\"Om\"}]},{\"@type\":\"WebSite\",\"@id\":\"https:\\\/\\\/galleri-guldlok.dk\\\/#website\",\"url\":\"https:\\\/\\\/galleri-guldlok.dk\\\/\",\"name\":\"galleri-guldlok\",\"description\":\"En magisk billedeverden v\\\/AnnaBodil Lildholdt Rytz\",\"publisher\":{\"@id\":\"https:\\\/\\\/galleri-guldlok.dk\\\/#\\\/schema\\\/person\\\/13f16e1261ba18c8bc6c47510b9355ee\"},\"potentialAction\":[{\"@type\":\"SearchAction\",\"target\":{\"@type\":\"EntryPoint\",\"urlTemplate\":\"https:\\\/\\\/galleri-guldlok.dk\\\/?s={search_term_string}\"},\"query-input\":{\"@type\":\"PropertyValueSpecification\",\"valueRequired\":true,\"valueName\":\"search_term_string\"}}],\"inLanguage\":\"da-DK\"},{\"@type\":[\"Person\",\"Organization\"],\"@id\":\"https:\\\/\\\/galleri-guldlok.dk\\\/#\\\/schema\\\/person\\\/13f16e1261ba18c8bc6c47510b9355ee\",\"name\":\"admin\",\"image\":{\"@type\":\"ImageObject\",\"inLanguage\":\"da-DK\",\"@id\":\"https:\\\/\\\/galleri-guldlok.dk\\\/wp-content\\\/uploads\\\/2025\\\/04\\\/cropped-solsving.jpg\",\"url\":\"https:\\\/\\\/galleri-guldlok.dk\\\/wp-content\\\/uploads\\\/2025\\\/04\\\/cropped-solsving.jpg\",\"contentUrl\":\"https:\\\/\\\/galleri-guldlok.dk\\\/wp-content\\\/uploads\\\/2025\\\/04\\\/cropped-solsving.jpg\",\"width\":2000,\"height\":1200,\"caption\":\"admin\"},\"logo\":{\"@id\":\"https:\\\/\\\/galleri-guldlok.dk\\\/wp-content\\\/uploads\\\/2025\\\/04\\\/cropped-solsving.jpg\"},\"sameAs\":[\"https:\\\/\\\/galleri-guldlok.dk\"]}]}<\/script>\n<!-- \/ Yoast SEO plugin. -->","yoast_head_json":{"title":"Om - galleri-guldlok","description":"Udover at v\u00e6re intuitiv pianist og fotograf - elsker jeg tegninger og malerier, der gennem samme fort\u00e6ller os om energi og frekvens i billedet","robots":{"index":"index","follow":"follow","max-snippet":"max-snippet:-1","max-image-preview":"max-image-preview:large","max-video-preview":"max-video-preview:-1"},"canonical":"https:\/\/galleri-guldlok.dk\/index.php\/om\/","og_locale":"da_DK","og_type":"article","og_title":"Om - galleri-guldlok","og_description":"Udover at v\u00e6re intuitiv pianist og fotograf - elsker jeg tegninger og malerier, der gennem samme fort\u00e6ller os om energi og frekvens i billedet","og_url":"https:\/\/galleri-guldlok.dk\/index.php\/om\/","og_site_name":"galleri-guldlok","article_modified_time":"2025-10-25T17:01:28+00:00","og_image":[{"width":2048,"height":1399,"url":"https:\/\/galleri-guldlok.dk\/wp-content\/uploads\/2025\/10\/sol-over-traetoppe.jpg","type":"image\/jpeg"}],"twitter_card":"summary_large_image","twitter_misc":{"Estimeret l\u00e6setid":"2 minutter"},"schema":{"@context":"https:\/\/schema.org","@graph":[{"@type":"WebPage","@id":"https:\/\/galleri-guldlok.dk\/index.php\/om\/","url":"https:\/\/galleri-guldlok.dk\/index.php\/om\/","name":"Om - galleri-guldlok","isPartOf":{"@id":"https:\/\/galleri-guldlok.dk\/#website"},"primaryImageOfPage":{"@id":"https:\/\/galleri-guldlok.dk\/index.php\/om\/#primaryimage"},"image":{"@id":"https:\/\/galleri-guldlok.dk\/index.php\/om\/#primaryimage"},"thumbnailUrl":"https:\/\/galleri-guldlok.dk\/wp-content\/uploads\/2025\/10\/sol-over-traetoppe-1024x700.jpg","datePublished":"2021-12-01T12:18:00+00:00","dateModified":"2025-10-25T17:01:28+00:00","description":"Udover at v\u00e6re intuitiv pianist og fotograf - elsker jeg tegninger og malerier, der gennem samme fort\u00e6ller os om energi og frekvens i billedet","breadcrumb":{"@id":"https:\/\/galleri-guldlok.dk\/index.php\/om\/#breadcrumb"},"inLanguage":"da-DK","potentialAction":[{"@type":"ReadAction","target":["https:\/\/galleri-guldlok.dk\/index.php\/om\/"]}]},{"@type":"ImageObject","inLanguage":"da-DK","@id":"https:\/\/galleri-guldlok.dk\/index.php\/om\/#primaryimage","url":"https:\/\/galleri-guldlok.dk\/wp-content\/uploads\/2025\/10\/sol-over-traetoppe.jpg","contentUrl":"https:\/\/galleri-guldlok.dk\/wp-content\/uploads\/2025\/10\/sol-over-traetoppe.jpg","width":2048,"height":1399},{"@type":"BreadcrumbList","@id":"https:\/\/galleri-guldlok.dk\/index.php\/om\/#breadcrumb","itemListElement":[{"@type":"ListItem","position":1,"name":"Hjem","item":"https:\/\/galleri-guldlok.dk\/"},{"@type":"ListItem","position":2,"name":"Om"}]},{"@type":"WebSite","@id":"https:\/\/galleri-guldlok.dk\/#website","url":"https:\/\/galleri-guldlok.dk\/","name":"galleri-guldlok","description":"En magisk billedeverden v\/AnnaBodil Lildholdt Rytz","publisher":{"@id":"https:\/\/galleri-guldlok.dk\/#\/schema\/person\/13f16e1261ba18c8bc6c47510b9355ee"},"potentialAction":[{"@type":"SearchAction","target":{"@type":"EntryPoint","urlTemplate":"https:\/\/galleri-guldlok.dk\/?s={search_term_string}"},"query-input":{"@type":"PropertyValueSpecification","valueRequired":true,"valueName":"search_term_string"}}],"inLanguage":"da-DK"},{"@type":["Person","Organization"],"@id":"https:\/\/galleri-guldlok.dk\/#\/schema\/person\/13f16e1261ba18c8bc6c47510b9355ee","name":"admin","image":{"@type":"ImageObject","inLanguage":"da-DK","@id":"https:\/\/galleri-guldlok.dk\/wp-content\/uploads\/2025\/04\/cropped-solsving.jpg","url":"https:\/\/galleri-guldlok.dk\/wp-content\/uploads\/2025\/04\/cropped-solsving.jpg","contentUrl":"https:\/\/galleri-guldlok.dk\/wp-content\/uploads\/2025\/04\/cropped-solsving.jpg","width":2000,"height":1200,"caption":"admin"},"logo":{"@id":"https:\/\/galleri-guldlok.dk\/wp-content\/uploads\/2025\/04\/cropped-solsving.jpg"},"sameAs":["https:\/\/galleri-guldlok.dk"]}]}},"_links":{"self":[{"href":"https:\/\/galleri-guldlok.dk\/index.php\/wp-json\/wp\/v2\/pages\/11","targetHints":{"allow":["GET"]}}],"collection":[{"href":"https:\/\/galleri-guldlok.dk\/index.php\/wp-json\/wp\/v2\/pages"}],"about":[{"href":"https:\/\/galleri-guldlok.dk\/index.php\/wp-json\/wp\/v2\/types\/page"}],"author":[{"embeddable":true,"href":"https:\/\/galleri-guldlok.dk\/index.php\/wp-json\/wp\/v2\/users\/1"}],"replies":[{"embeddable":true,"href":"https:\/\/galleri-guldlok.dk\/index.php\/wp-json\/wp\/v2\/comments?post=11"}],"version-history":[{"count":42,"href":"https:\/\/galleri-guldlok.dk\/index.php\/wp-json\/wp\/v2\/pages\/11\/revisions"}],"predecessor-version":[{"id":811,"href":"https:\/\/galleri-guldlok.dk\/index.php\/wp-json\/wp\/v2\/pages\/11\/revisions\/811"}],"wp:attachment":[{"href":"https:\/\/galleri-guldlok.dk\/index.php\/wp-json\/wp\/v2\/media?parent=11"}],"curies":[{"name":"wp","href":"https:\/\/api.w.org\/{rel}","templated":true}]}}