{"id":365,"date":"2025-10-21T20:51:14","date_gmt":"2025-10-21T20:51:14","guid":{"rendered":"https:\/\/galleri-guldlok.dk\/?page_id=365"},"modified":"2025-10-25T16:52:51","modified_gmt":"2025-10-25T16:52:51","slug":"portaler-i-malerier","status":"publish","type":"page","link":"https:\/\/galleri-guldlok.dk\/index.php\/portaler-i-malerier\/","title":{"rendered":"Portaler i Malerier"},"content":{"rendered":"\n<h2 class=\"wp-block-heading has-text-align-center has-text-color has-link-color wp-elements-0799897e7a8d7798235a5613b3947304\" style=\"color:#b35716\">FINDES DER PORTALER I MALERIER?<\/h2>\n\n\n\n<h2 class=\"wp-block-heading has-text-align-center has-text-color has-link-color wp-elements-bb627761f84a74627677088f9c8a3001\" style=\"color:#531a88\">Intuitive frih\u00e5ndstegninger og malerier<\/h2>\n\n\n\n<p class=\"has-text-color has-link-color wp-elements-f47a17d9e64efa58f1adb33eeaec0938\" style=\"color:#531a88\">At v\u00e6re i en slags klar meditativt tilstand, hvor der bliver s\u00e5et et lille um\u00e6rkeligt fr\u00f8, der under de rette forhold spirer og f\u00e5r lov til at udfolde sig for senere at s\u00e6tte blomst &#8211; det er for mig ALT!<\/p>\n\n\n\n<p class=\"has-text-color has-link-color wp-elements-0d410be3f6214051a6fe6882c387443c\" style=\"color:#531a88\">Under udf\u00f8relsen, n\u00e5r jeg tegner eller maler,  fornemmes den energi der kommer til udtryk undervejs &#8211; der er ingen hverken tanker eller ord. Men der opst\u00e5r en indre sikker viden, enten omkring hele billedet eller dele af dette, at her er der noget ganske s\u00e6rligt!  Og i tillid til det g\u00f8r jeg det f\u00e6rdigt uden tanke om, hvad energien eller billedet egentlig vil! <\/p>\n\n\n\n<p class=\"has-text-color has-link-color wp-elements-770d9f3abdd349357273f1c1d7f33256\" style=\"color:#531a88\">F\u00f8rst n\u00e5r jeg l\u00e6gger billedet fra mig &#8211; og er kommet det p\u00e5 afstand &#8211; f\u00f8rst her kan jeg begynde at SE indholdet i  billedet &#8211; pludselig bliver det levende!<\/p>\n\n\n\n<p class=\"has-text-color has-link-color wp-elements-b3da65931ed5aa3ff3e6cdb611d884ea\" style=\"color:#531a88\">Der hvor jeg tidligere oplevede noget s\u00e6rligt er der en slags portal. N\u00e5r du kigger p\u00e5 punktet i en meditativ tilstand, f\u00f8rer det dig ind til noget uforklarligt, men en f\u00f8lelse af at v\u00e6re i samklang med noget langt st\u00f8rre end dig selv og du begynder her at SE &#8230;<\/p>\n\n\n\n<h2 class=\"wp-block-heading has-text-align-center has-text-color has-link-color wp-elements-cf497c99243d72860b33cbafd9b2310c\" style=\"color:#b35716\">Min arbejdsgang<br>Eksempel nr. 1 <\/h2>\n\n\n\n<p class=\"has-text-align-center has-text-color has-link-color wp-elements-f4bdb863c21e27408e08fd33009aedc3\" style=\"color:#2675a3\">&#8211; at stoppe i tide er en kunst &#8211;<\/p>\n\n\n<div class=\"wp-block-image\">\n<figure class=\"aligncenter size-large is-resized\"><img loading=\"lazy\" decoding=\"async\" width=\"1024\" height=\"712\" src=\"https:\/\/galleri-guldlok.dk\/wp-content\/uploads\/2025\/10\/1-graablaa-flow-vandfarve-toer-pensel-1024x712.jpg\" alt=\"\" class=\"wp-image-370\" style=\"width:385px;height:auto\" srcset=\"https:\/\/galleri-guldlok.dk\/wp-content\/uploads\/2025\/10\/1-graablaa-flow-vandfarve-toer-pensel-1024x712.jpg 1024w, https:\/\/galleri-guldlok.dk\/wp-content\/uploads\/2025\/10\/1-graablaa-flow-vandfarve-toer-pensel-300x209.jpg 300w, https:\/\/galleri-guldlok.dk\/wp-content\/uploads\/2025\/10\/1-graablaa-flow-vandfarve-toer-pensel-768x534.jpg 768w, https:\/\/galleri-guldlok.dk\/wp-content\/uploads\/2025\/10\/1-graablaa-flow-vandfarve-toer-pensel.jpg 1092w\" sizes=\"auto, (max-width: 767px) 89vw, (max-width: 1000px) 54vw, (max-width: 1071px) 543px, 580px\" \/><figcaption class=\"wp-element-caption\">Billede nr. 1 a 4<\/figcaption><\/figure>\n<\/div>\n\n<div class=\"wp-block-image\">\n<figure class=\"aligncenter size-large is-resized\"><img loading=\"lazy\" decoding=\"async\" width=\"1024\" height=\"712\" src=\"https:\/\/galleri-guldlok.dk\/wp-content\/uploads\/2025\/10\/2-graablaa-flow-moerkblaa-1024x712.jpg\" alt=\"\" class=\"wp-image-371\" style=\"width:387px;height:auto\" srcset=\"https:\/\/galleri-guldlok.dk\/wp-content\/uploads\/2025\/10\/2-graablaa-flow-moerkblaa-1024x712.jpg 1024w, https:\/\/galleri-guldlok.dk\/wp-content\/uploads\/2025\/10\/2-graablaa-flow-moerkblaa-300x209.jpg 300w, https:\/\/galleri-guldlok.dk\/wp-content\/uploads\/2025\/10\/2-graablaa-flow-moerkblaa-768x534.jpg 768w, https:\/\/galleri-guldlok.dk\/wp-content\/uploads\/2025\/10\/2-graablaa-flow-moerkblaa.jpg 1092w\" sizes=\"auto, (max-width: 767px) 89vw, (max-width: 1000px) 54vw, (max-width: 1071px) 543px, 580px\" \/><figcaption class=\"wp-element-caption\">Billede nr. 2 a 4<\/figcaption><\/figure>\n<\/div>\n\n<div class=\"wp-block-image\">\n<figure class=\"aligncenter size-large is-resized\"><img loading=\"lazy\" decoding=\"async\" width=\"1024\" height=\"712\" src=\"https:\/\/galleri-guldlok.dk\/wp-content\/uploads\/2025\/10\/3-graablaa-flow-moerkblaa-gul-hvid-rosa-1024x712.jpg\" alt=\"\" class=\"wp-image-372\" style=\"width:403px;height:auto\" srcset=\"https:\/\/galleri-guldlok.dk\/wp-content\/uploads\/2025\/10\/3-graablaa-flow-moerkblaa-gul-hvid-rosa-1024x712.jpg 1024w, https:\/\/galleri-guldlok.dk\/wp-content\/uploads\/2025\/10\/3-graablaa-flow-moerkblaa-gul-hvid-rosa-300x209.jpg 300w, https:\/\/galleri-guldlok.dk\/wp-content\/uploads\/2025\/10\/3-graablaa-flow-moerkblaa-gul-hvid-rosa-768x534.jpg 768w, https:\/\/galleri-guldlok.dk\/wp-content\/uploads\/2025\/10\/3-graablaa-flow-moerkblaa-gul-hvid-rosa.jpg 1092w\" sizes=\"auto, (max-width: 767px) 89vw, (max-width: 1000px) 54vw, (max-width: 1071px) 543px, 580px\" \/><figcaption class=\"wp-element-caption\">Billede nr. 3 a 4<\/figcaption><\/figure>\n<\/div>\n\n<div class=\"wp-block-image\">\n<figure class=\"aligncenter size-large is-resized\"><img loading=\"lazy\" decoding=\"async\" width=\"1024\" height=\"712\" src=\"https:\/\/galleri-guldlok.dk\/wp-content\/uploads\/2025\/10\/4a-Navn-moerkblaa_-graablaa-flow-moerkblaa-gul-hvid-rosa-1024x712.jpg\" alt=\"\" class=\"wp-image-375\" style=\"width:423px;height:auto\" srcset=\"https:\/\/galleri-guldlok.dk\/wp-content\/uploads\/2025\/10\/4a-Navn-moerkblaa_-graablaa-flow-moerkblaa-gul-hvid-rosa-1024x712.jpg 1024w, https:\/\/galleri-guldlok.dk\/wp-content\/uploads\/2025\/10\/4a-Navn-moerkblaa_-graablaa-flow-moerkblaa-gul-hvid-rosa-300x209.jpg 300w, https:\/\/galleri-guldlok.dk\/wp-content\/uploads\/2025\/10\/4a-Navn-moerkblaa_-graablaa-flow-moerkblaa-gul-hvid-rosa-768x534.jpg 768w, https:\/\/galleri-guldlok.dk\/wp-content\/uploads\/2025\/10\/4a-Navn-moerkblaa_-graablaa-flow-moerkblaa-gul-hvid-rosa.jpg 1092w\" sizes=\"auto, (max-width: 767px) 89vw, (max-width: 1000px) 54vw, (max-width: 1071px) 543px, 580px\" \/><figcaption class=\"wp-element-caption\">Billede nr. 4 a 4: det f\u00e6rdige resultat <\/figcaption><\/figure>\n<\/div>\n\n\n<p class=\"has-text-align-center has-text-color has-link-color wp-elements-aedeea3f78c8461ea9dd88ad4632f65a\" style=\"color:#531a88\">&#8211; At afslutte,  et billede i tide, er og bliver en kunst &#8211;<\/p>\n\n\n\n<p class=\"has-text-color has-link-color wp-elements-984c7a93ac38df08d56389d58c12da96\" style=\"color:#531a88\"><strong>Oplevelse af Billeder sammen med Musik<\/strong><br>Om det er en god ide? Ja, hvorfor ikke &#8211; se hvad der sker, n\u00e5r jeg f\u00f8rer min musik og mine malerier sammen? De er dog i familie med hinanden &#8211; begge skabt i en intuitiv \u00e5nd!<\/p>\n\n\n\n<p class=\"has-text-color has-link-color wp-elements-02a13bff11058c2fcb60d70bbe301803\" style=\"color:#531a88\">Du kan se og lytte til resultatet p\u00e5 siden <a href=\"https:\/\/galleri-guldlok.dk\/index.php\/billeder-og-musik\/\">Billeder og Musik<\/a><\/p>\n\n\n\n<p><\/p>\n\n\n\n<h2 class=\"wp-block-heading has-text-align-center has-text-color has-link-color wp-elements-ac9dc857e9838bfe8250122074e9dfa7\" style=\"color:#b35716\">Min arbejdsgang<br>Eksempel nr. 2 <\/h2>\n\n\n<div class=\"wp-block-image\">\n<figure class=\"aligncenter size-full is-resized\"><img loading=\"lazy\" decoding=\"async\" width=\"818\" height=\"544\" src=\"https:\/\/galleri-guldlok.dk\/wp-content\/uploads\/2025\/10\/efteraar-3.jpg\" alt=\"\" class=\"wp-image-394\" style=\"width:455px;height:auto\" srcset=\"https:\/\/galleri-guldlok.dk\/wp-content\/uploads\/2025\/10\/efteraar-3.jpg 818w, https:\/\/galleri-guldlok.dk\/wp-content\/uploads\/2025\/10\/efteraar-3-300x200.jpg 300w, https:\/\/galleri-guldlok.dk\/wp-content\/uploads\/2025\/10\/efteraar-3-768x511.jpg 768w\" sizes=\"auto, (max-width: 767px) 89vw, (max-width: 1000px) 54vw, (max-width: 1071px) 543px, 580px\" \/><figcaption class=\"wp-element-caption\">Billede nr. 1 a 7<\/figcaption><\/figure>\n<\/div>\n\n\n<p class=\"has-text-align-center\"><\/p>\n\n\n<div class=\"wp-block-image\">\n<figure class=\"aligncenter size-full is-resized\"><img loading=\"lazy\" decoding=\"async\" width=\"818\" height=\"544\" src=\"https:\/\/galleri-guldlok.dk\/wp-content\/uploads\/2025\/10\/efteraar-3a.jpg\" alt=\"\" class=\"wp-image-395\" style=\"width:451px;height:auto\" srcset=\"https:\/\/galleri-guldlok.dk\/wp-content\/uploads\/2025\/10\/efteraar-3a.jpg 818w, https:\/\/galleri-guldlok.dk\/wp-content\/uploads\/2025\/10\/efteraar-3a-300x200.jpg 300w, https:\/\/galleri-guldlok.dk\/wp-content\/uploads\/2025\/10\/efteraar-3a-768x511.jpg 768w\" sizes=\"auto, (max-width: 767px) 89vw, (max-width: 1000px) 54vw, (max-width: 1071px) 543px, 580px\" \/><figcaption class=\"wp-element-caption\">Billede nr. 2 a 7<\/figcaption><\/figure>\n<\/div>\n\n<div class=\"wp-block-image\">\n<figure class=\"aligncenter size-full is-resized\"><img loading=\"lazy\" decoding=\"async\" width=\"818\" height=\"544\" src=\"https:\/\/galleri-guldlok.dk\/wp-content\/uploads\/2025\/10\/efteraar-3b.jpg\" alt=\"\" class=\"wp-image-396\" style=\"width:444px;height:auto\" srcset=\"https:\/\/galleri-guldlok.dk\/wp-content\/uploads\/2025\/10\/efteraar-3b.jpg 818w, https:\/\/galleri-guldlok.dk\/wp-content\/uploads\/2025\/10\/efteraar-3b-300x200.jpg 300w, https:\/\/galleri-guldlok.dk\/wp-content\/uploads\/2025\/10\/efteraar-3b-768x511.jpg 768w\" sizes=\"auto, (max-width: 767px) 89vw, (max-width: 1000px) 54vw, (max-width: 1071px) 543px, 580px\" \/><figcaption class=\"wp-element-caption\">Billede nr. 3 a 7<\/figcaption><\/figure>\n<\/div>\n\n<div class=\"wp-block-image\">\n<figure class=\"aligncenter size-full is-resized\"><img loading=\"lazy\" decoding=\"async\" width=\"818\" height=\"544\" src=\"https:\/\/galleri-guldlok.dk\/wp-content\/uploads\/2025\/10\/efteraar-3c.jpg\" alt=\"\" class=\"wp-image-397\" style=\"width:439px;height:auto\" srcset=\"https:\/\/galleri-guldlok.dk\/wp-content\/uploads\/2025\/10\/efteraar-3c.jpg 818w, https:\/\/galleri-guldlok.dk\/wp-content\/uploads\/2025\/10\/efteraar-3c-300x200.jpg 300w, https:\/\/galleri-guldlok.dk\/wp-content\/uploads\/2025\/10\/efteraar-3c-768x511.jpg 768w\" sizes=\"auto, (max-width: 767px) 89vw, (max-width: 1000px) 54vw, (max-width: 1071px) 543px, 580px\" \/><figcaption class=\"wp-element-caption\">Billede nr. 4 a 7<\/figcaption><\/figure>\n<\/div>\n\n<div class=\"wp-block-image\">\n<figure class=\"aligncenter size-full is-resized\"><img loading=\"lazy\" decoding=\"async\" width=\"818\" height=\"544\" src=\"https:\/\/galleri-guldlok.dk\/wp-content\/uploads\/2025\/10\/efteraar-3d.jpg\" alt=\"\" class=\"wp-image-398\" style=\"width:440px;height:auto\" srcset=\"https:\/\/galleri-guldlok.dk\/wp-content\/uploads\/2025\/10\/efteraar-3d.jpg 818w, https:\/\/galleri-guldlok.dk\/wp-content\/uploads\/2025\/10\/efteraar-3d-300x200.jpg 300w, https:\/\/galleri-guldlok.dk\/wp-content\/uploads\/2025\/10\/efteraar-3d-768x511.jpg 768w\" sizes=\"auto, (max-width: 767px) 89vw, (max-width: 1000px) 54vw, (max-width: 1071px) 543px, 580px\" \/><figcaption class=\"wp-element-caption\">Billede nr. 5 a 7<\/figcaption><\/figure>\n<\/div>\n\n<div class=\"wp-block-image\">\n<figure class=\"aligncenter size-full is-resized\"><img loading=\"lazy\" decoding=\"async\" width=\"818\" height=\"544\" src=\"https:\/\/galleri-guldlok.dk\/wp-content\/uploads\/2025\/10\/efteraar-3e.jpg\" alt=\"\" class=\"wp-image-399\" style=\"width:435px;height:auto\" srcset=\"https:\/\/galleri-guldlok.dk\/wp-content\/uploads\/2025\/10\/efteraar-3e.jpg 818w, https:\/\/galleri-guldlok.dk\/wp-content\/uploads\/2025\/10\/efteraar-3e-300x200.jpg 300w, https:\/\/galleri-guldlok.dk\/wp-content\/uploads\/2025\/10\/efteraar-3e-768x511.jpg 768w\" sizes=\"auto, (max-width: 767px) 89vw, (max-width: 1000px) 54vw, (max-width: 1071px) 543px, 580px\" \/><figcaption class=\"wp-element-caption\">Billed nr. 6 a 7<\/figcaption><\/figure>\n<\/div>\n\n<div class=\"wp-block-image\">\n<figure class=\"aligncenter size-full is-resized\"><img loading=\"lazy\" decoding=\"async\" width=\"818\" height=\"544\" src=\"https:\/\/galleri-guldlok.dk\/wp-content\/uploads\/2025\/10\/efteraar-3f-med-navn-1.jpg\" alt=\"\" class=\"wp-image-400\" style=\"width:460px;height:auto\" srcset=\"https:\/\/galleri-guldlok.dk\/wp-content\/uploads\/2025\/10\/efteraar-3f-med-navn-1.jpg 818w, https:\/\/galleri-guldlok.dk\/wp-content\/uploads\/2025\/10\/efteraar-3f-med-navn-1-300x200.jpg 300w, https:\/\/galleri-guldlok.dk\/wp-content\/uploads\/2025\/10\/efteraar-3f-med-navn-1-768x511.jpg 768w\" sizes=\"auto, (max-width: 767px) 89vw, (max-width: 1000px) 54vw, (max-width: 1071px) 543px, 580px\" \/><figcaption class=\"wp-element-caption\">Billede nr. 7 a 7: det f\u00e6rdige resultat<\/figcaption><\/figure>\n<\/div>\n\n\n<p class=\"has-text-color has-link-color wp-elements-a86b949286086bc28a497525fdb91b92\" style=\"color:#531a88\">Skulle du f\u00e5 lyst til at eje et personligt billede specielt kanaliseret til dig &#8211; evt. inkl. din helt personlige musik? &#8211; Se for mere info <a href=\"https:\/\/galleri-guldlok.dk\/index.php\/butik\/\">HER<\/a><\/p>\n\n\n\n<p class=\"has-text-align-center has-text-color has-link-color wp-elements-e5615d9c53f5842a6dc5636e3150fe29\" style=\"color:#531a88\">Tilbage <a href=\"https:\/\/galleri-guldlok.dk\/index.php\/portaler-i-malerier\/\">til toppen<\/a><br> <a href=\"https:\/\/galleri-guldlok.dk\/index.php\/billeder-og-musik\/\">Billeder og musik<\/a><br><\/p>\n\n\n\n<p><\/p>\n","protected":false},"excerpt":{"rendered":"<p>FINDES DER PORTALER I MALERIER? Intuitive frih\u00e5ndstegninger og malerier At v\u00e6re i en slags klar meditativt tilstand, hvor der bliver s\u00e5et et lille um\u00e6rkeligt fr\u00f8, der under de rette forhold spirer og f\u00e5r lov til at udfolde sig for senere at s\u00e6tte blomst &#8211; det er for mig ALT! Under udf\u00f8relsen, n\u00e5r jeg tegner eller &hellip; <\/p>\n<p class=\"link-more\"><a href=\"https:\/\/galleri-guldlok.dk\/index.php\/portaler-i-malerier\/\" class=\"more-link\">L\u00e6s videre<span class=\"screen-reader-text\"> &#8220;Portaler i Malerier&#8221;<\/span><\/a><\/p>\n","protected":false},"author":1,"featured_media":0,"parent":0,"menu_order":0,"comment_status":"closed","ping_status":"closed","template":"","meta":{"footnotes":""},"class_list":["post-365","page","type-page","status-publish","hentry"],"yoast_head":"<!-- This site is optimized with the Yoast SEO plugin v27.3 - https:\/\/yoast.com\/product\/yoast-seo-wordpress\/ -->\n<title>Portaler i Malerier - galleri-guldlok<\/title>\n<meta name=\"description\" content=\"Hvordan opst\u00e5r der s\u00e5kaldte portaler i f.eks malerier - f\u00f8lg min arbejdsgang p\u00e5 hjemmesiden, n\u00e5r jeg tegner intuitive billeder\" \/>\n<meta name=\"robots\" content=\"index, follow, max-snippet:-1, max-image-preview:large, max-video-preview:-1\" \/>\n<link rel=\"canonical\" href=\"https:\/\/galleri-guldlok.dk\/index.php\/portaler-i-malerier\/\" \/>\n<meta property=\"og:locale\" content=\"da_DK\" \/>\n<meta property=\"og:type\" content=\"article\" \/>\n<meta property=\"og:title\" content=\"Portaler i Malerier - galleri-guldlok\" \/>\n<meta property=\"og:description\" content=\"Hvordan opst\u00e5r der s\u00e5kaldte portaler i f.eks malerier - f\u00f8lg min arbejdsgang p\u00e5 hjemmesiden, n\u00e5r jeg tegner intuitive billeder\" \/>\n<meta property=\"og:url\" content=\"https:\/\/galleri-guldlok.dk\/index.php\/portaler-i-malerier\/\" \/>\n<meta property=\"og:site_name\" content=\"galleri-guldlok\" \/>\n<meta property=\"article:modified_time\" content=\"2025-10-25T16:52:51+00:00\" \/>\n<meta property=\"og:image\" content=\"https:\/\/galleri-guldlok.dk\/wp-content\/uploads\/2025\/10\/1-graablaa-flow-vandfarve-toer-pensel.jpg\" \/>\n\t<meta property=\"og:image:width\" content=\"1092\" \/>\n\t<meta property=\"og:image:height\" content=\"759\" \/>\n\t<meta property=\"og:image:type\" content=\"image\/jpeg\" \/>\n<meta name=\"twitter:card\" content=\"summary_large_image\" \/>\n<meta name=\"twitter:label1\" content=\"Estimeret l\u00e6setid\" \/>\n\t<meta name=\"twitter:data1\" content=\"5 minutter\" \/>\n<script type=\"application\/ld+json\" class=\"yoast-schema-graph\">{\"@context\":\"https:\\\/\\\/schema.org\",\"@graph\":[{\"@type\":\"WebPage\",\"@id\":\"https:\\\/\\\/galleri-guldlok.dk\\\/index.php\\\/portaler-i-malerier\\\/\",\"url\":\"https:\\\/\\\/galleri-guldlok.dk\\\/index.php\\\/portaler-i-malerier\\\/\",\"name\":\"Portaler i Malerier - galleri-guldlok\",\"isPartOf\":{\"@id\":\"https:\\\/\\\/galleri-guldlok.dk\\\/#website\"},\"primaryImageOfPage\":{\"@id\":\"https:\\\/\\\/galleri-guldlok.dk\\\/index.php\\\/portaler-i-malerier\\\/#primaryimage\"},\"image\":{\"@id\":\"https:\\\/\\\/galleri-guldlok.dk\\\/index.php\\\/portaler-i-malerier\\\/#primaryimage\"},\"thumbnailUrl\":\"https:\\\/\\\/galleri-guldlok.dk\\\/wp-content\\\/uploads\\\/2025\\\/10\\\/1-graablaa-flow-vandfarve-toer-pensel-1024x712.jpg\",\"datePublished\":\"2025-10-21T20:51:14+00:00\",\"dateModified\":\"2025-10-25T16:52:51+00:00\",\"description\":\"Hvordan opst\u00e5r der s\u00e5kaldte portaler i f.eks malerier - f\u00f8lg min arbejdsgang p\u00e5 hjemmesiden, n\u00e5r jeg tegner intuitive billeder\",\"breadcrumb\":{\"@id\":\"https:\\\/\\\/galleri-guldlok.dk\\\/index.php\\\/portaler-i-malerier\\\/#breadcrumb\"},\"inLanguage\":\"da-DK\",\"potentialAction\":[{\"@type\":\"ReadAction\",\"target\":[\"https:\\\/\\\/galleri-guldlok.dk\\\/index.php\\\/portaler-i-malerier\\\/\"]}]},{\"@type\":\"ImageObject\",\"inLanguage\":\"da-DK\",\"@id\":\"https:\\\/\\\/galleri-guldlok.dk\\\/index.php\\\/portaler-i-malerier\\\/#primaryimage\",\"url\":\"https:\\\/\\\/galleri-guldlok.dk\\\/wp-content\\\/uploads\\\/2025\\\/10\\\/1-graablaa-flow-vandfarve-toer-pensel.jpg\",\"contentUrl\":\"https:\\\/\\\/galleri-guldlok.dk\\\/wp-content\\\/uploads\\\/2025\\\/10\\\/1-graablaa-flow-vandfarve-toer-pensel.jpg\",\"width\":1092,\"height\":759},{\"@type\":\"BreadcrumbList\",\"@id\":\"https:\\\/\\\/galleri-guldlok.dk\\\/index.php\\\/portaler-i-malerier\\\/#breadcrumb\",\"itemListElement\":[{\"@type\":\"ListItem\",\"position\":1,\"name\":\"Hjem\",\"item\":\"https:\\\/\\\/galleri-guldlok.dk\\\/\"},{\"@type\":\"ListItem\",\"position\":2,\"name\":\"Portaler i Malerier\"}]},{\"@type\":\"WebSite\",\"@id\":\"https:\\\/\\\/galleri-guldlok.dk\\\/#website\",\"url\":\"https:\\\/\\\/galleri-guldlok.dk\\\/\",\"name\":\"galleri-guldlok\",\"description\":\"En magisk billedeverden v\\\/AnnaBodil Lildholdt Rytz\",\"publisher\":{\"@id\":\"https:\\\/\\\/galleri-guldlok.dk\\\/#\\\/schema\\\/person\\\/13f16e1261ba18c8bc6c47510b9355ee\"},\"potentialAction\":[{\"@type\":\"SearchAction\",\"target\":{\"@type\":\"EntryPoint\",\"urlTemplate\":\"https:\\\/\\\/galleri-guldlok.dk\\\/?s={search_term_string}\"},\"query-input\":{\"@type\":\"PropertyValueSpecification\",\"valueRequired\":true,\"valueName\":\"search_term_string\"}}],\"inLanguage\":\"da-DK\"},{\"@type\":[\"Person\",\"Organization\"],\"@id\":\"https:\\\/\\\/galleri-guldlok.dk\\\/#\\\/schema\\\/person\\\/13f16e1261ba18c8bc6c47510b9355ee\",\"name\":\"admin\",\"image\":{\"@type\":\"ImageObject\",\"inLanguage\":\"da-DK\",\"@id\":\"https:\\\/\\\/galleri-guldlok.dk\\\/wp-content\\\/uploads\\\/2025\\\/04\\\/cropped-solsving.jpg\",\"url\":\"https:\\\/\\\/galleri-guldlok.dk\\\/wp-content\\\/uploads\\\/2025\\\/04\\\/cropped-solsving.jpg\",\"contentUrl\":\"https:\\\/\\\/galleri-guldlok.dk\\\/wp-content\\\/uploads\\\/2025\\\/04\\\/cropped-solsving.jpg\",\"width\":2000,\"height\":1200,\"caption\":\"admin\"},\"logo\":{\"@id\":\"https:\\\/\\\/galleri-guldlok.dk\\\/wp-content\\\/uploads\\\/2025\\\/04\\\/cropped-solsving.jpg\"},\"sameAs\":[\"https:\\\/\\\/galleri-guldlok.dk\"]}]}<\/script>\n<!-- \/ Yoast SEO plugin. -->","yoast_head_json":{"title":"Portaler i Malerier - galleri-guldlok","description":"Hvordan opst\u00e5r der s\u00e5kaldte portaler i f.eks malerier - f\u00f8lg min arbejdsgang p\u00e5 hjemmesiden, n\u00e5r jeg tegner intuitive billeder","robots":{"index":"index","follow":"follow","max-snippet":"max-snippet:-1","max-image-preview":"max-image-preview:large","max-video-preview":"max-video-preview:-1"},"canonical":"https:\/\/galleri-guldlok.dk\/index.php\/portaler-i-malerier\/","og_locale":"da_DK","og_type":"article","og_title":"Portaler i Malerier - galleri-guldlok","og_description":"Hvordan opst\u00e5r der s\u00e5kaldte portaler i f.eks malerier - f\u00f8lg min arbejdsgang p\u00e5 hjemmesiden, n\u00e5r jeg tegner intuitive billeder","og_url":"https:\/\/galleri-guldlok.dk\/index.php\/portaler-i-malerier\/","og_site_name":"galleri-guldlok","article_modified_time":"2025-10-25T16:52:51+00:00","og_image":[{"width":1092,"height":759,"url":"https:\/\/galleri-guldlok.dk\/wp-content\/uploads\/2025\/10\/1-graablaa-flow-vandfarve-toer-pensel.jpg","type":"image\/jpeg"}],"twitter_card":"summary_large_image","twitter_misc":{"Estimeret l\u00e6setid":"5 minutter"},"schema":{"@context":"https:\/\/schema.org","@graph":[{"@type":"WebPage","@id":"https:\/\/galleri-guldlok.dk\/index.php\/portaler-i-malerier\/","url":"https:\/\/galleri-guldlok.dk\/index.php\/portaler-i-malerier\/","name":"Portaler i Malerier - galleri-guldlok","isPartOf":{"@id":"https:\/\/galleri-guldlok.dk\/#website"},"primaryImageOfPage":{"@id":"https:\/\/galleri-guldlok.dk\/index.php\/portaler-i-malerier\/#primaryimage"},"image":{"@id":"https:\/\/galleri-guldlok.dk\/index.php\/portaler-i-malerier\/#primaryimage"},"thumbnailUrl":"https:\/\/galleri-guldlok.dk\/wp-content\/uploads\/2025\/10\/1-graablaa-flow-vandfarve-toer-pensel-1024x712.jpg","datePublished":"2025-10-21T20:51:14+00:00","dateModified":"2025-10-25T16:52:51+00:00","description":"Hvordan opst\u00e5r der s\u00e5kaldte portaler i f.eks malerier - f\u00f8lg min arbejdsgang p\u00e5 hjemmesiden, n\u00e5r jeg tegner intuitive billeder","breadcrumb":{"@id":"https:\/\/galleri-guldlok.dk\/index.php\/portaler-i-malerier\/#breadcrumb"},"inLanguage":"da-DK","potentialAction":[{"@type":"ReadAction","target":["https:\/\/galleri-guldlok.dk\/index.php\/portaler-i-malerier\/"]}]},{"@type":"ImageObject","inLanguage":"da-DK","@id":"https:\/\/galleri-guldlok.dk\/index.php\/portaler-i-malerier\/#primaryimage","url":"https:\/\/galleri-guldlok.dk\/wp-content\/uploads\/2025\/10\/1-graablaa-flow-vandfarve-toer-pensel.jpg","contentUrl":"https:\/\/galleri-guldlok.dk\/wp-content\/uploads\/2025\/10\/1-graablaa-flow-vandfarve-toer-pensel.jpg","width":1092,"height":759},{"@type":"BreadcrumbList","@id":"https:\/\/galleri-guldlok.dk\/index.php\/portaler-i-malerier\/#breadcrumb","itemListElement":[{"@type":"ListItem","position":1,"name":"Hjem","item":"https:\/\/galleri-guldlok.dk\/"},{"@type":"ListItem","position":2,"name":"Portaler i Malerier"}]},{"@type":"WebSite","@id":"https:\/\/galleri-guldlok.dk\/#website","url":"https:\/\/galleri-guldlok.dk\/","name":"galleri-guldlok","description":"En magisk billedeverden v\/AnnaBodil Lildholdt Rytz","publisher":{"@id":"https:\/\/galleri-guldlok.dk\/#\/schema\/person\/13f16e1261ba18c8bc6c47510b9355ee"},"potentialAction":[{"@type":"SearchAction","target":{"@type":"EntryPoint","urlTemplate":"https:\/\/galleri-guldlok.dk\/?s={search_term_string}"},"query-input":{"@type":"PropertyValueSpecification","valueRequired":true,"valueName":"search_term_string"}}],"inLanguage":"da-DK"},{"@type":["Person","Organization"],"@id":"https:\/\/galleri-guldlok.dk\/#\/schema\/person\/13f16e1261ba18c8bc6c47510b9355ee","name":"admin","image":{"@type":"ImageObject","inLanguage":"da-DK","@id":"https:\/\/galleri-guldlok.dk\/wp-content\/uploads\/2025\/04\/cropped-solsving.jpg","url":"https:\/\/galleri-guldlok.dk\/wp-content\/uploads\/2025\/04\/cropped-solsving.jpg","contentUrl":"https:\/\/galleri-guldlok.dk\/wp-content\/uploads\/2025\/04\/cropped-solsving.jpg","width":2000,"height":1200,"caption":"admin"},"logo":{"@id":"https:\/\/galleri-guldlok.dk\/wp-content\/uploads\/2025\/04\/cropped-solsving.jpg"},"sameAs":["https:\/\/galleri-guldlok.dk"]}]}},"_links":{"self":[{"href":"https:\/\/galleri-guldlok.dk\/index.php\/wp-json\/wp\/v2\/pages\/365","targetHints":{"allow":["GET"]}}],"collection":[{"href":"https:\/\/galleri-guldlok.dk\/index.php\/wp-json\/wp\/v2\/pages"}],"about":[{"href":"https:\/\/galleri-guldlok.dk\/index.php\/wp-json\/wp\/v2\/types\/page"}],"author":[{"embeddable":true,"href":"https:\/\/galleri-guldlok.dk\/index.php\/wp-json\/wp\/v2\/users\/1"}],"replies":[{"embeddable":true,"href":"https:\/\/galleri-guldlok.dk\/index.php\/wp-json\/wp\/v2\/comments?post=365"}],"version-history":[{"count":42,"href":"https:\/\/galleri-guldlok.dk\/index.php\/wp-json\/wp\/v2\/pages\/365\/revisions"}],"predecessor-version":[{"id":803,"href":"https:\/\/galleri-guldlok.dk\/index.php\/wp-json\/wp\/v2\/pages\/365\/revisions\/803"}],"wp:attachment":[{"href":"https:\/\/galleri-guldlok.dk\/index.php\/wp-json\/wp\/v2\/media?parent=365"}],"curies":[{"name":"wp","href":"https:\/\/api.w.org\/{rel}","templated":true}]}}