{"id":70,"date":"2021-12-01T14:43:38","date_gmt":"2021-12-01T14:43:38","guid":{"rendered":"https:\/\/galleri-guldlok.dk\/?page_id=70"},"modified":"2025-10-26T20:13:01","modified_gmt":"2025-10-26T20:13:01","slug":"portaler-i-naturen","status":"publish","type":"page","link":"https:\/\/galleri-guldlok.dk\/index.php\/portaler-i-naturen\/","title":{"rendered":"Portaler i Naturen"},"content":{"rendered":"\n<h2 class=\"wp-block-heading has-text-align-center has-text-color has-link-color wp-elements-732f86ac7d7272d38c7db6e4d8cba6f3\" style=\"color:#b35716\">PORTALER I NATUREN<br>&#8211; fotografier der bliver levende &#8211;<\/h2>\n\n\n\n<p class=\"has-text-align-center has-text-color has-link-color wp-elements-74999b43ec0de719d0958e3d5af62846\" style=\"color:#b35716\">Kunsten at se et billede i \u00f8jnene!<\/p>\n\n\n\n<p class=\"has-text-align-center has-text-color has-link-color wp-elements-2ea94454dc1608560a6fde8d87d36376\" style=\"color:#531a88\">At g\u00e5 p\u00e5 opdagelse i et billede uden at ville se noget bestemt, er ikke lige nemt for alle. \u00d8velse g\u00f8r mester &#8211; Giv ikke op p\u00e5 forh\u00e5nd &#8211; Pludselig lykkes det!<\/p>\n\n\n\n<p class=\"has-text-align-center has-text-color has-link-color wp-elements-40e50edd5f132785cbe5171a8f0730f6\" style=\"color:#531a88\">N\u00e5r det sker, da v\u00e6r tillidsfuld &#8211; tag imod alt i det eventyr der udspiller sig for dit \u00f8je &#8211; v\u00e6sner eller anden symbolik kan vise sig under rejsen i portalen.  Ser du ingenting, da lad det v\u00e6re som det er &#8211; det er nok at vide, at du ER p\u00e5 rejse!<\/p>\n\n\n\n<p class=\"has-text-align-center has-text-color has-link-color wp-elements-9ae220c145860627abb241db258b3850\" style=\"color:#531a88\"><strong>Billederne herunder er fotografier<\/strong>, der har gennemg\u00e5et en n\u00e6nsom efterbehandling, Gennem denne behandling opst\u00e5r der en Portal, hvis energi resonerer og skaber dyb kontakt med Moder Jord!<\/p>\n\n\n\n<p class=\"has-text-align-center has-text-color has-link-color wp-elements-a5cff858d778740ef7b460b1440cd5ec\" style=\"color:#531a88\">Kig direkte ind i billedet &#8211; slip al forventning; og lad dig intuitivt f\u00f8lge med, hvis noget viser sig for dig! Dukker der noget op helt spontant, noget der v\u00e6kker din opm\u00e6rksomhed; da dv\u00e6l lidt ved det! <\/p>\n\n\n\n<p class=\"has-text-align-center has-text-color has-link-color wp-elements-8bf2f0f41b619b6a1de523f2d78323ff\" style=\"color:#531a88\">M\u00e5ske er det en f\u00f8lelser eller en tanke, du har brug for at v\u00e6re i &#8211; m\u00e5ske ligger der en vigtig besked til dig? V\u00e6r \u00e5ben uden fordomme og f\u00f8lg med i hvad der sker, n\u00e5r du befinder dig i rummet, hvor ALT synes at kunne ske!<\/p>\n\n\n\n<p class=\"has-text-align-center has-text-color has-link-color wp-elements-bcdbb39b39d392cd01b1a2271f41bf1e\" style=\"color:#531a88\"><strong>Bem\u00e6rk:<\/strong> Det du ser kan \u00e6ndre sig fra dag til dag. Det sete eller din oplevelse afh\u00e6nger helt af den sindstilstand, som du befinder dig i p\u00e5 det givne tidspunkt &#8211; om den er lys eller m\u00f8rk, positiv eller negativ?<\/p>\n\n\n\n<p class=\"has-text-align-center has-text-color has-link-color wp-elements-e642c4a3ce2ecfb7cd79ae18274ca74e\" style=\"color:#531a88\">Som levende v\u00e6sner skifter vi b\u00e5de sindstilstande og bevidstheds niveauer &#8211; of and on &#8211; hvilket h\u00f8rer med til livet &#8211; s\u00e5 bliv ikke forskr\u00e6kket, hvis der dukker noget op, som du ikke lige bryder dig om! N\u00e6ste gang du kigger p\u00e5 billedet, kan gl\u00e6den have overtaget, og det er da den, der bestemmer, hvilke oplevelser du modtager!<\/p>\n\n\n\n<p class=\"has-text-align-center has-text-color has-link-color wp-elements-6640ff102e910c89155dbf61fcaa873e\" style=\"color:#531a88\">Har du lyst til et lille eksperiment &#8211; kan du teste dig selv og billedet. Nogle billeder (se ogs\u00e5 <a href=\"https:\/\/galleri-guldlok.dk\/index.php\/portaler-i-malerier\/\">malerier<\/a>) er i stand til at l\u00f8fte vores frekvens gennem aktiv bevidsthed blot ved at beskue det med intuitivt, \u00e5bent sind (med hjertet). V\u00e6lg et billede ud fra din mavefornemmelse og test det over et par dage!<\/p>\n\n\n\n<p class=\"has-text-align-center has-text-color has-link-color wp-elements-42a3c53c66d14a8345d3b3618349c899\" style=\"color:#531a88\">Har du lyst til at dele din erfaringer med nogen,  da er jeg mere end nysgerrig efter at h\u00f8re om det.<\/p>\n\n\n\n<p class=\"has-text-align-center has-text-color has-link-color wp-elements-8fff0c2e0fcc2ff9fe30d100382cfec8\" style=\"color:#531a88\">jeg kan kontaktes <a href=\"https:\/\/galleri-guldlok.dk\/index.php\/kontakt\/\">HER<\/a><\/p>\n\n\n\n<p class=\"has-text-align-center has-text-color has-link-color wp-elements-36d3eb11ff3ad2a9c995a8fa12fa3fcb\" style=\"color:#b35716\">OBS: Jeg arbejder p\u00e5, at billederne kan g\u00f8res st\u00f8rre ved et enkelt klik, hvilket er vigtigt for den optimale oplevelse. Men indtil da m\u00e5 du, der har mulighed for at forst\u00f8rre p\u00e5 PC eller Ipad, &#8220;n\u00f8jes&#8221; med st\u00f8rrelsen herunder!<\/p>\n\n\n<div class=\"wp-block-image\">\n<figure class=\"aligncenter size-full\"><img loading=\"lazy\" decoding=\"async\" width=\"300\" height=\"350\" src=\"https:\/\/galleri-guldlok.dk\/wp-content\/uploads\/2025\/04\/Yes.jpg\" alt=\"\" class=\"wp-image-234\" srcset=\"https:\/\/galleri-guldlok.dk\/wp-content\/uploads\/2025\/04\/Yes.jpg 300w, https:\/\/galleri-guldlok.dk\/wp-content\/uploads\/2025\/04\/Yes-257x300.jpg 257w\" sizes=\"auto, (max-width: 300px) 100vw, 300px\" \/><figcaption class=\"wp-element-caption\">Portal nr. 1<br>Bjerget Motiv fra Svinklovene<\/figcaption><\/figure>\n<\/div>\n\n\n<p><\/p>\n\n\n<div class=\"wp-block-image\">\n<figure class=\"aligncenter size-full is-resized\"><img loading=\"lazy\" decoding=\"async\" width=\"300\" height=\"294\" src=\"https:\/\/galleri-guldlok.dk\/wp-content\/uploads\/2021\/12\/himmelspejl-300.jpg\" alt=\"\" class=\"wp-image-31\" style=\"width:300px;height:auto\"\/><figcaption class=\"wp-element-caption\">Portal nr. 2<br>Himlens spejl  i St. \u00d8kss\u00f8, &#8211; Rold skov<\/figcaption><\/figure>\n<\/div>\n\n\n<p><\/p>\n\n\n<div class=\"wp-block-image\">\n<figure class=\"aligncenter size-full is-resized\"><img loading=\"lazy\" decoding=\"async\" width=\"300\" height=\"337\" src=\"https:\/\/galleri-guldlok.dk\/wp-content\/uploads\/2025\/04\/havets-hjerte.jpg\" alt=\"\" class=\"wp-image-190\" style=\"width:302px;height:auto\" srcset=\"https:\/\/galleri-guldlok.dk\/wp-content\/uploads\/2025\/04\/havets-hjerte.jpg 300w, https:\/\/galleri-guldlok.dk\/wp-content\/uploads\/2025\/04\/havets-hjerte-267x300.jpg 267w\" sizes=\"auto, (max-width: 300px) 100vw, 300px\" \/><figcaption class=\"wp-element-caption\">Portal nr. 3<br>Alle Havs Hjerte <\/figcaption><\/figure>\n<\/div>\n\n\n<p><\/p>\n\n\n<div class=\"wp-block-image\">\n<figure class=\"aligncenter size-full\"><img loading=\"lazy\" decoding=\"async\" width=\"300\" height=\"300\" src=\"https:\/\/galleri-guldlok.dk\/wp-content\/uploads\/2025\/04\/alfen.jpg\" alt=\"\" class=\"wp-image-100\" srcset=\"https:\/\/galleri-guldlok.dk\/wp-content\/uploads\/2025\/04\/alfen.jpg 300w, https:\/\/galleri-guldlok.dk\/wp-content\/uploads\/2025\/04\/alfen-150x150.jpg 150w\" sizes=\"auto, (max-width: 300px) 100vw, 300px\" \/><figcaption class=\"wp-element-caption\">Portal nr. 4<br>Laksetrappe Giber Aa ved Skovm\u00f8llen<\/figcaption><\/figure>\n<\/div>\n\n\n<p><\/p>\n\n\n<div class=\"wp-block-image\">\n<figure class=\"aligncenter size-full\"><img loading=\"lazy\" decoding=\"async\" width=\"300\" height=\"317\" src=\"https:\/\/galleri-guldlok.dk\/wp-content\/uploads\/2025\/04\/lakstrap2.jpg\" alt=\"\" class=\"wp-image-106\" srcset=\"https:\/\/galleri-guldlok.dk\/wp-content\/uploads\/2025\/04\/lakstrap2.jpg 300w, https:\/\/galleri-guldlok.dk\/wp-content\/uploads\/2025\/04\/lakstrap2-284x300.jpg 284w\" sizes=\"auto, (max-width: 300px) 100vw, 300px\" \/><figcaption class=\"wp-element-caption\">Portal nr. 5 <br>Laksetrappe Giber Aa ved Skovm\u00f8llen<\/figcaption><\/figure>\n<\/div>\n\n\n<p><\/p>\n\n\n<div class=\"wp-block-image\">\n<figure class=\"aligncenter size-full is-resized\"><img loading=\"lazy\" decoding=\"async\" width=\"300\" height=\"306\" src=\"https:\/\/galleri-guldlok.dk\/wp-content\/uploads\/2025\/04\/lakstrap-1.jpg\" alt=\"\" class=\"wp-image-103\" style=\"width:300px;height:auto\" srcset=\"https:\/\/galleri-guldlok.dk\/wp-content\/uploads\/2025\/04\/lakstrap-1.jpg 300w, https:\/\/galleri-guldlok.dk\/wp-content\/uploads\/2025\/04\/lakstrap-1-294x300.jpg 294w\" sizes=\"auto, (max-width: 300px) 100vw, 300px\" \/><figcaption class=\"wp-element-caption\">Portal nr. 6<br>Laksetrappe Giber Aa ved Skovm\u00f8llen<\/figcaption><\/figure>\n<\/div>\n\n\n<p><\/p>\n\n\n<div class=\"wp-block-image\">\n<figure class=\"aligncenter size-full is-resized\"><img loading=\"lazy\" decoding=\"async\" width=\"300\" height=\"336\" src=\"https:\/\/galleri-guldlok.dk\/wp-content\/uploads\/2025\/04\/giber-aa-2.jpg\" alt=\"\" class=\"wp-image-101\" style=\"width:300px;height:auto\" srcset=\"https:\/\/galleri-guldlok.dk\/wp-content\/uploads\/2025\/04\/giber-aa-2.jpg 300w, https:\/\/galleri-guldlok.dk\/wp-content\/uploads\/2025\/04\/giber-aa-2-268x300.jpg 268w\" sizes=\"auto, (max-width: 300px) 100vw, 300px\" \/><figcaption class=\"wp-element-caption\">Portal nr. 7<br>Marselisskoven Giber \u00e5 <\/figcaption><\/figure>\n<\/div>\n\n\n<p><\/p>\n\n\n<div class=\"wp-block-image\">\n<figure class=\"aligncenter size-full is-resized\"><img loading=\"lazy\" decoding=\"async\" width=\"300\" height=\"336\" src=\"https:\/\/galleri-guldlok.dk\/wp-content\/uploads\/2025\/04\/giber-aa-1.jpg\" alt=\"\" class=\"wp-image-102\" style=\"width:300px;height:auto\" srcset=\"https:\/\/galleri-guldlok.dk\/wp-content\/uploads\/2025\/04\/giber-aa-1.jpg 300w, https:\/\/galleri-guldlok.dk\/wp-content\/uploads\/2025\/04\/giber-aa-1-268x300.jpg 268w\" sizes=\"auto, (max-width: 300px) 100vw, 300px\" \/><figcaption class=\"wp-element-caption\">Portal  nr. 8 <br>Marselisskoven Giber \u00e5 <\/figcaption><\/figure>\n<\/div>\n\n\n<p><\/p>\n\n\n<div class=\"wp-block-image\">\n<figure class=\"aligncenter size-full\"><img loading=\"lazy\" decoding=\"async\" width=\"300\" height=\"336\" src=\"https:\/\/galleri-guldlok.dk\/wp-content\/uploads\/2025\/04\/skoven-2.jpg\" alt=\"\" class=\"wp-image-104\" srcset=\"https:\/\/galleri-guldlok.dk\/wp-content\/uploads\/2025\/04\/skoven-2.jpg 300w, https:\/\/galleri-guldlok.dk\/wp-content\/uploads\/2025\/04\/skoven-2-268x300.jpg 268w\" sizes=\"auto, (max-width: 300px) 100vw, 300px\" \/><figcaption class=\"wp-element-caption\">Portal nr. 9<br>Motiv fra Marselisskoven <\/figcaption><\/figure>\n<\/div>\n\n<div class=\"wp-block-image\">\n<figure class=\"aligncenter size-full\"><img loading=\"lazy\" decoding=\"async\" width=\"300\" height=\"303\" src=\"https:\/\/galleri-guldlok.dk\/wp-content\/uploads\/2025\/10\/portal-nr-10.jpg\" alt=\"\" class=\"wp-image-635\" srcset=\"https:\/\/galleri-guldlok.dk\/wp-content\/uploads\/2025\/10\/portal-nr-10.jpg 300w, https:\/\/galleri-guldlok.dk\/wp-content\/uploads\/2025\/10\/portal-nr-10-297x300.jpg 297w, https:\/\/galleri-guldlok.dk\/wp-content\/uploads\/2025\/10\/portal-nr-10-100x100.jpg 100w\" sizes=\"auto, (max-width: 300px) 100vw, 300px\" \/><figcaption class=\"wp-element-caption\">Portal nr. 10<br>Laksetrappe Giber Aa ved Skovm\u00f8llen<\/figcaption><\/figure>\n<\/div>\n\n\n<p><\/p>\n\n\n<div class=\"wp-block-image\">\n<figure class=\"aligncenter size-full\"><img loading=\"lazy\" decoding=\"async\" width=\"300\" height=\"308\" src=\"https:\/\/galleri-guldlok.dk\/wp-content\/uploads\/2025\/04\/trae-med.jpg\" alt=\"\" class=\"wp-image-108\" srcset=\"https:\/\/galleri-guldlok.dk\/wp-content\/uploads\/2025\/04\/trae-med.jpg 300w, https:\/\/galleri-guldlok.dk\/wp-content\/uploads\/2025\/04\/trae-med-292x300.jpg 292w\" sizes=\"auto, (max-width: 300px) 100vw, 300px\" \/><figcaption class=\"wp-element-caption\">Portal nr. 11<br>Marselisskoven Svamp p\u00e5 tr\u00e6<\/figcaption><\/figure>\n<\/div>\n\n\n<p><\/p>\n\n\n<div class=\"wp-block-image\">\n<figure class=\"aligncenter size-full is-resized\"><img loading=\"lazy\" decoding=\"async\" width=\"300\" height=\"315\" src=\"https:\/\/galleri-guldlok.dk\/wp-content\/uploads\/2025\/04\/skovsoe.jpg\" alt=\"\" class=\"wp-image-128\" style=\"width:300px;height:auto\" srcset=\"https:\/\/galleri-guldlok.dk\/wp-content\/uploads\/2025\/04\/skovsoe.jpg 300w, https:\/\/galleri-guldlok.dk\/wp-content\/uploads\/2025\/04\/skovsoe-286x300.jpg 286w\" sizes=\"auto, (max-width: 300px) 100vw, 300px\" \/><figcaption class=\"wp-element-caption\">Portal nr. 12<br>I skovens dybe stille ro Giber Aa i Marselisskoven <\/figcaption><\/figure>\n<\/div>\n\n\n<p class=\"has-text-align-left has-text-color has-link-color wp-elements-64c97a2d7f3b231b71330df12b50a588\" style=\"color:#531a88\"><br>Du er velkommen til at downloade ovenst\u00e5ende portaler til eget brug! <\/p>\n\n\n\n<p class=\"has-text-align-left has-text-color has-link-color wp-elements-c8a31371291b6a0ee0df00531b613908\" style=\"color:#531a88\"><strong>Salg:<\/strong><br><strong>\u00d8nsker du et A4 tryk\/print i superkvalitet<\/strong> <strong>fra original foto<\/strong> &#8211; kan det k\u00f8bes hos mig for 75 kr. pr. stk. + forsendelse. (se ogs\u00e5 <a href=\"https:\/\/galleri-guldlok.dk\/index.php\/butik\/\">Butik)<\/a><\/p>\n\n\n\n<p class=\"has-text-align-left has-text-color has-link-color wp-elements-d3806a031d72f6a79dc872cc1b9f0503\" style=\"color:#531a88\"><strong><a href=\"https:\/\/galleri-guldlok.dk\/index.php\/kontakt-og-link\/\">Kontakt mig via mail<\/a><\/strong> med oplysninger om nr. p\u00e5 den portal du \u00f8nsker et billede af samt din fulde adresse og tlf. nr. (Ved flere billeder er prisen den samme\/sendes enkeltvis)<\/p>\n\n\n\n<p class=\"has-text-align-center has-text-color has-link-color wp-elements-37b87f08d283269e0bfd6bf46a625c6f\" style=\"color:#531a88\"><a href=\"https:\/\/galleri-guldlok.dk\/index.php\/portaler-i-naturen\/\">Til toppen<\/a><br><a data-type=\"page\" data-id=\"10\" href=\"https:\/\/galleri-guldlok.dk\/\">Tilbage til forsiden<\/a><\/p>\n\n\n\n\n\n<p><\/p>\n","protected":false},"excerpt":{"rendered":"<p>PORTALER I NATUREN&#8211; fotografier der bliver levende &#8211; Kunsten at se et billede i \u00f8jnene! At g\u00e5 p\u00e5 opdagelse i et billede uden at ville se noget bestemt, er ikke lige nemt for alle. \u00d8velse g\u00f8r mester &#8211; Giv ikke op p\u00e5 forh\u00e5nd &#8211; Pludselig lykkes det! N\u00e5r det sker, da v\u00e6r tillidsfuld &#8211; tag &hellip; <\/p>\n<p class=\"link-more\"><a href=\"https:\/\/galleri-guldlok.dk\/index.php\/portaler-i-naturen\/\" class=\"more-link\">L\u00e6s videre<span class=\"screen-reader-text\"> &#8220;Portaler i Naturen&#8221;<\/span><\/a><\/p>\n","protected":false},"author":1,"featured_media":0,"parent":0,"menu_order":0,"comment_status":"closed","ping_status":"closed","template":"","meta":{"footnotes":""},"class_list":["post-70","page","type-page","status-publish","hentry"],"yoast_head":"<!-- This site is optimized with the Yoast SEO plugin v27.3 - https:\/\/yoast.com\/product\/yoast-seo-wordpress\/ -->\n<title>Portaler i Naturen - galleri-guldlok<\/title>\n<meta name=\"description\" content=\"Portaler i naturen - Kunsten at se et billede i \u00f8jnene. Optag og m\u00e6rk levende billeder, gennem intuitivt sind under din f\u00e6rden i naturen\" \/>\n<meta name=\"robots\" content=\"index, follow, max-snippet:-1, max-image-preview:large, max-video-preview:-1\" \/>\n<link rel=\"canonical\" href=\"https:\/\/galleri-guldlok.dk\/index.php\/portaler-i-naturen\/\" \/>\n<meta property=\"og:locale\" content=\"da_DK\" \/>\n<meta property=\"og:type\" content=\"article\" \/>\n<meta property=\"og:title\" content=\"Portaler i Naturen - galleri-guldlok\" \/>\n<meta property=\"og:description\" content=\"Portaler i naturen - Kunsten at se et billede i \u00f8jnene. Optag og m\u00e6rk levende billeder, gennem intuitivt sind under din f\u00e6rden i naturen\" \/>\n<meta property=\"og:url\" content=\"https:\/\/galleri-guldlok.dk\/index.php\/portaler-i-naturen\/\" \/>\n<meta property=\"og:site_name\" content=\"galleri-guldlok\" \/>\n<meta property=\"article:modified_time\" content=\"2025-10-26T20:13:01+00:00\" \/>\n<meta property=\"og:image\" content=\"https:\/\/galleri-guldlok.dk\/wp-content\/uploads\/2025\/04\/Yes.jpg\" \/>\n\t<meta property=\"og:image:width\" content=\"300\" \/>\n\t<meta property=\"og:image:height\" content=\"350\" \/>\n\t<meta property=\"og:image:type\" content=\"image\/jpeg\" \/>\n<meta name=\"twitter:card\" content=\"summary_large_image\" \/>\n<meta name=\"twitter:label1\" content=\"Estimeret l\u00e6setid\" \/>\n\t<meta name=\"twitter:data1\" content=\"6 minutter\" \/>\n<script type=\"application\/ld+json\" class=\"yoast-schema-graph\">{\"@context\":\"https:\\\/\\\/schema.org\",\"@graph\":[{\"@type\":\"WebPage\",\"@id\":\"https:\\\/\\\/galleri-guldlok.dk\\\/index.php\\\/portaler-i-naturen\\\/\",\"url\":\"https:\\\/\\\/galleri-guldlok.dk\\\/index.php\\\/portaler-i-naturen\\\/\",\"name\":\"Portaler i Naturen - galleri-guldlok\",\"isPartOf\":{\"@id\":\"https:\\\/\\\/galleri-guldlok.dk\\\/#website\"},\"primaryImageOfPage\":{\"@id\":\"https:\\\/\\\/galleri-guldlok.dk\\\/index.php\\\/portaler-i-naturen\\\/#primaryimage\"},\"image\":{\"@id\":\"https:\\\/\\\/galleri-guldlok.dk\\\/index.php\\\/portaler-i-naturen\\\/#primaryimage\"},\"thumbnailUrl\":\"https:\\\/\\\/galleri-guldlok.dk\\\/wp-content\\\/uploads\\\/2025\\\/04\\\/Yes.jpg\",\"datePublished\":\"2021-12-01T14:43:38+00:00\",\"dateModified\":\"2025-10-26T20:13:01+00:00\",\"description\":\"Portaler i naturen - Kunsten at se et billede i \u00f8jnene. Optag og m\u00e6rk levende billeder, gennem intuitivt sind under din f\u00e6rden i naturen\",\"breadcrumb\":{\"@id\":\"https:\\\/\\\/galleri-guldlok.dk\\\/index.php\\\/portaler-i-naturen\\\/#breadcrumb\"},\"inLanguage\":\"da-DK\",\"potentialAction\":[{\"@type\":\"ReadAction\",\"target\":[\"https:\\\/\\\/galleri-guldlok.dk\\\/index.php\\\/portaler-i-naturen\\\/\"]}]},{\"@type\":\"ImageObject\",\"inLanguage\":\"da-DK\",\"@id\":\"https:\\\/\\\/galleri-guldlok.dk\\\/index.php\\\/portaler-i-naturen\\\/#primaryimage\",\"url\":\"https:\\\/\\\/galleri-guldlok.dk\\\/wp-content\\\/uploads\\\/2025\\\/04\\\/Yes.jpg\",\"contentUrl\":\"https:\\\/\\\/galleri-guldlok.dk\\\/wp-content\\\/uploads\\\/2025\\\/04\\\/Yes.jpg\",\"width\":300,\"height\":350,\"caption\":\"Portal nr. 1\"},{\"@type\":\"BreadcrumbList\",\"@id\":\"https:\\\/\\\/galleri-guldlok.dk\\\/index.php\\\/portaler-i-naturen\\\/#breadcrumb\",\"itemListElement\":[{\"@type\":\"ListItem\",\"position\":1,\"name\":\"Hjem\",\"item\":\"https:\\\/\\\/galleri-guldlok.dk\\\/\"},{\"@type\":\"ListItem\",\"position\":2,\"name\":\"Portaler i Naturen\"}]},{\"@type\":\"WebSite\",\"@id\":\"https:\\\/\\\/galleri-guldlok.dk\\\/#website\",\"url\":\"https:\\\/\\\/galleri-guldlok.dk\\\/\",\"name\":\"galleri-guldlok\",\"description\":\"En magisk billedeverden v\\\/AnnaBodil Lildholdt Rytz\",\"publisher\":{\"@id\":\"https:\\\/\\\/galleri-guldlok.dk\\\/#\\\/schema\\\/person\\\/13f16e1261ba18c8bc6c47510b9355ee\"},\"potentialAction\":[{\"@type\":\"SearchAction\",\"target\":{\"@type\":\"EntryPoint\",\"urlTemplate\":\"https:\\\/\\\/galleri-guldlok.dk\\\/?s={search_term_string}\"},\"query-input\":{\"@type\":\"PropertyValueSpecification\",\"valueRequired\":true,\"valueName\":\"search_term_string\"}}],\"inLanguage\":\"da-DK\"},{\"@type\":[\"Person\",\"Organization\"],\"@id\":\"https:\\\/\\\/galleri-guldlok.dk\\\/#\\\/schema\\\/person\\\/13f16e1261ba18c8bc6c47510b9355ee\",\"name\":\"admin\",\"image\":{\"@type\":\"ImageObject\",\"inLanguage\":\"da-DK\",\"@id\":\"https:\\\/\\\/galleri-guldlok.dk\\\/wp-content\\\/uploads\\\/2025\\\/04\\\/cropped-solsving.jpg\",\"url\":\"https:\\\/\\\/galleri-guldlok.dk\\\/wp-content\\\/uploads\\\/2025\\\/04\\\/cropped-solsving.jpg\",\"contentUrl\":\"https:\\\/\\\/galleri-guldlok.dk\\\/wp-content\\\/uploads\\\/2025\\\/04\\\/cropped-solsving.jpg\",\"width\":2000,\"height\":1200,\"caption\":\"admin\"},\"logo\":{\"@id\":\"https:\\\/\\\/galleri-guldlok.dk\\\/wp-content\\\/uploads\\\/2025\\\/04\\\/cropped-solsving.jpg\"},\"sameAs\":[\"https:\\\/\\\/galleri-guldlok.dk\"]}]}<\/script>\n<!-- \/ Yoast SEO plugin. -->","yoast_head_json":{"title":"Portaler i Naturen - galleri-guldlok","description":"Portaler i naturen - Kunsten at se et billede i \u00f8jnene. Optag og m\u00e6rk levende billeder, gennem intuitivt sind under din f\u00e6rden i naturen","robots":{"index":"index","follow":"follow","max-snippet":"max-snippet:-1","max-image-preview":"max-image-preview:large","max-video-preview":"max-video-preview:-1"},"canonical":"https:\/\/galleri-guldlok.dk\/index.php\/portaler-i-naturen\/","og_locale":"da_DK","og_type":"article","og_title":"Portaler i Naturen - galleri-guldlok","og_description":"Portaler i naturen - Kunsten at se et billede i \u00f8jnene. Optag og m\u00e6rk levende billeder, gennem intuitivt sind under din f\u00e6rden i naturen","og_url":"https:\/\/galleri-guldlok.dk\/index.php\/portaler-i-naturen\/","og_site_name":"galleri-guldlok","article_modified_time":"2025-10-26T20:13:01+00:00","og_image":[{"width":300,"height":350,"url":"https:\/\/galleri-guldlok.dk\/wp-content\/uploads\/2025\/04\/Yes.jpg","type":"image\/jpeg"}],"twitter_card":"summary_large_image","twitter_misc":{"Estimeret l\u00e6setid":"6 minutter"},"schema":{"@context":"https:\/\/schema.org","@graph":[{"@type":"WebPage","@id":"https:\/\/galleri-guldlok.dk\/index.php\/portaler-i-naturen\/","url":"https:\/\/galleri-guldlok.dk\/index.php\/portaler-i-naturen\/","name":"Portaler i Naturen - galleri-guldlok","isPartOf":{"@id":"https:\/\/galleri-guldlok.dk\/#website"},"primaryImageOfPage":{"@id":"https:\/\/galleri-guldlok.dk\/index.php\/portaler-i-naturen\/#primaryimage"},"image":{"@id":"https:\/\/galleri-guldlok.dk\/index.php\/portaler-i-naturen\/#primaryimage"},"thumbnailUrl":"https:\/\/galleri-guldlok.dk\/wp-content\/uploads\/2025\/04\/Yes.jpg","datePublished":"2021-12-01T14:43:38+00:00","dateModified":"2025-10-26T20:13:01+00:00","description":"Portaler i naturen - Kunsten at se et billede i \u00f8jnene. Optag og m\u00e6rk levende billeder, gennem intuitivt sind under din f\u00e6rden i naturen","breadcrumb":{"@id":"https:\/\/galleri-guldlok.dk\/index.php\/portaler-i-naturen\/#breadcrumb"},"inLanguage":"da-DK","potentialAction":[{"@type":"ReadAction","target":["https:\/\/galleri-guldlok.dk\/index.php\/portaler-i-naturen\/"]}]},{"@type":"ImageObject","inLanguage":"da-DK","@id":"https:\/\/galleri-guldlok.dk\/index.php\/portaler-i-naturen\/#primaryimage","url":"https:\/\/galleri-guldlok.dk\/wp-content\/uploads\/2025\/04\/Yes.jpg","contentUrl":"https:\/\/galleri-guldlok.dk\/wp-content\/uploads\/2025\/04\/Yes.jpg","width":300,"height":350,"caption":"Portal nr. 1"},{"@type":"BreadcrumbList","@id":"https:\/\/galleri-guldlok.dk\/index.php\/portaler-i-naturen\/#breadcrumb","itemListElement":[{"@type":"ListItem","position":1,"name":"Hjem","item":"https:\/\/galleri-guldlok.dk\/"},{"@type":"ListItem","position":2,"name":"Portaler i Naturen"}]},{"@type":"WebSite","@id":"https:\/\/galleri-guldlok.dk\/#website","url":"https:\/\/galleri-guldlok.dk\/","name":"galleri-guldlok","description":"En magisk billedeverden v\/AnnaBodil Lildholdt Rytz","publisher":{"@id":"https:\/\/galleri-guldlok.dk\/#\/schema\/person\/13f16e1261ba18c8bc6c47510b9355ee"},"potentialAction":[{"@type":"SearchAction","target":{"@type":"EntryPoint","urlTemplate":"https:\/\/galleri-guldlok.dk\/?s={search_term_string}"},"query-input":{"@type":"PropertyValueSpecification","valueRequired":true,"valueName":"search_term_string"}}],"inLanguage":"da-DK"},{"@type":["Person","Organization"],"@id":"https:\/\/galleri-guldlok.dk\/#\/schema\/person\/13f16e1261ba18c8bc6c47510b9355ee","name":"admin","image":{"@type":"ImageObject","inLanguage":"da-DK","@id":"https:\/\/galleri-guldlok.dk\/wp-content\/uploads\/2025\/04\/cropped-solsving.jpg","url":"https:\/\/galleri-guldlok.dk\/wp-content\/uploads\/2025\/04\/cropped-solsving.jpg","contentUrl":"https:\/\/galleri-guldlok.dk\/wp-content\/uploads\/2025\/04\/cropped-solsving.jpg","width":2000,"height":1200,"caption":"admin"},"logo":{"@id":"https:\/\/galleri-guldlok.dk\/wp-content\/uploads\/2025\/04\/cropped-solsving.jpg"},"sameAs":["https:\/\/galleri-guldlok.dk"]}]}},"_links":{"self":[{"href":"https:\/\/galleri-guldlok.dk\/index.php\/wp-json\/wp\/v2\/pages\/70","targetHints":{"allow":["GET"]}}],"collection":[{"href":"https:\/\/galleri-guldlok.dk\/index.php\/wp-json\/wp\/v2\/pages"}],"about":[{"href":"https:\/\/galleri-guldlok.dk\/index.php\/wp-json\/wp\/v2\/types\/page"}],"author":[{"embeddable":true,"href":"https:\/\/galleri-guldlok.dk\/index.php\/wp-json\/wp\/v2\/users\/1"}],"replies":[{"embeddable":true,"href":"https:\/\/galleri-guldlok.dk\/index.php\/wp-json\/wp\/v2\/comments?post=70"}],"version-history":[{"count":71,"href":"https:\/\/galleri-guldlok.dk\/index.php\/wp-json\/wp\/v2\/pages\/70\/revisions"}],"predecessor-version":[{"id":844,"href":"https:\/\/galleri-guldlok.dk\/index.php\/wp-json\/wp\/v2\/pages\/70\/revisions\/844"}],"wp:attachment":[{"href":"https:\/\/galleri-guldlok.dk\/index.php\/wp-json\/wp\/v2\/media?parent=70"}],"curies":[{"name":"wp","href":"https:\/\/api.w.org\/{rel}","templated":true}]}}