{"id":72,"date":"2021-12-01T14:44:49","date_gmt":"2021-12-01T14:44:49","guid":{"rendered":"https:\/\/galleri-guldlok.dk\/?page_id=72"},"modified":"2025-10-25T17:30:14","modified_gmt":"2025-10-25T17:30:14","slug":"magiske-foto","status":"publish","type":"page","link":"https:\/\/galleri-guldlok.dk\/index.php\/magiske-foto\/","title":{"rendered":"Magiske foto"},"content":{"rendered":"\n<h2 class=\"wp-block-heading has-text-align-center has-text-color has-link-color wp-elements-e5efc99557044cf7ae7d33d25b64d4a5\" style=\"color:#2675a3\">MAGISKE OG US\u00c6DVANLIGE FOTOGRAFIER<\/h2>\n\n\n\n<p class=\"has-text-align-center has-text-color has-link-color wp-elements-3cf66a25bc7f081a14f53c0daace16be\" style=\"color:#2675a3\">Solstr\u00e5ler giver ofte et sp\u00e6ndende farvespil, alt efter hvordan de spejler sig p\u00e5 kameraets linse. Et godt eksempel p\u00e5 det ses p\u00e5 billedet herunder &#8211; ren magi!<\/p>\n\n\n<div class=\"wp-block-image\">\n<figure class=\"aligncenter size-full is-resized\"><img loading=\"lazy\" decoding=\"async\" width=\"476\" height=\"700\" src=\"https:\/\/galleri-guldlok.dk\/wp-content\/uploads\/2025\/04\/orbs-trae.jpg\" alt=\"\" class=\"wp-image-109\" style=\"width:328px;height:auto\" srcset=\"https:\/\/galleri-guldlok.dk\/wp-content\/uploads\/2025\/04\/orbs-trae.jpg 476w, https:\/\/galleri-guldlok.dk\/wp-content\/uploads\/2025\/04\/orbs-trae-204x300.jpg 204w\" sizes=\"auto, (max-width: 476px) 100vw, 476px\" \/><figcaption class=\"wp-element-caption\">Reflektioners farvespil fra kameraets linse <\/figcaption><\/figure>\n<\/div>\n\n\n<p><\/p>\n\n\n\n<p class=\"has-text-align-center has-text-color has-link-color has-medium-font-size wp-elements-bb53896af1dc993bf953326465d819fc\" style=\"color:#2675a3\">N\u00e6rbillede af Solen ved daggry<\/p>\n\n\n\n<p class=\"has-text-align-center has-text-color has-link-color wp-elements-f9dc1b2835f1cd486672b13c794f5984\" style=\"color:#2675a3\">De synlige pletter p\u00e5 Solen er Soludbrud, som var p\u00e5 Solen den p\u00e5g\u00e6ldende dag. Fotograferet med min mobil gennem morgent\u00e5ge. Det der ses nederst foran solskiven er grene fra en tr\u00e6krone<\/p>\n\n\n<div class=\"wp-block-image\">\n<figure class=\"aligncenter size-full is-resized\"><img loading=\"lazy\" decoding=\"async\" width=\"512\" height=\"512\" src=\"https:\/\/galleri-guldlok.dk\/wp-content\/uploads\/2025\/04\/512-512.jpg\" alt=\"\" class=\"wp-image-98\" style=\"width:326px;height:auto\" srcset=\"https:\/\/galleri-guldlok.dk\/wp-content\/uploads\/2025\/04\/512-512.jpg 512w, https:\/\/galleri-guldlok.dk\/wp-content\/uploads\/2025\/04\/512-512-300x300.jpg 300w, https:\/\/galleri-guldlok.dk\/wp-content\/uploads\/2025\/04\/512-512-150x150.jpg 150w\" sizes=\"auto, (max-width: 512px) 100vw, 512px\" \/><figcaption class=\"wp-element-caption\">N\u00e6rbillede af Solen ved daggry<\/figcaption><\/figure>\n<\/div>\n\n\n<p class=\"has-text-align-center has-text-color has-link-color wp-elements-23edd1768c1ca3e79995efe7ea940bbe\" style=\"color:#2675a3\"><\/p>\n\n\n\n<p><\/p>\n\n\n\n<p class=\"has-text-align-center has-text-color has-link-color has-medium-font-size wp-elements-c23dd22c03be90d6eafa2a694560ecd6\" style=\"color:#2675a3\">Flammer fra et Sct. Hans b\u00e5l  &#8211; Grundtvigs b\u00e5ltale &#8211; Skriften p\u00e5 Himlen<\/p>\n\n\n\n<p class=\"has-text-align-center has-text-color has-link-color wp-elements-310d07a8dc212d974c61189b1ad37203\" style=\"color:#2675a3\">Et tilf\u00e6ldigt knips og du har taget et symbolsk billede!<\/p>\n\n\n<div class=\"wp-block-image\">\n<figure class=\"aligncenter size-full is-resized\"><img loading=\"lazy\" decoding=\"async\" width=\"960\" height=\"606\" src=\"https:\/\/galleri-guldlok.dk\/wp-content\/uploads\/2025\/04\/grundtvigs.jpg\" alt=\"\" class=\"wp-image-147\" style=\"width:488px;height:auto\" srcset=\"https:\/\/galleri-guldlok.dk\/wp-content\/uploads\/2025\/04\/grundtvigs.jpg 960w, https:\/\/galleri-guldlok.dk\/wp-content\/uploads\/2025\/04\/grundtvigs-300x189.jpg 300w, https:\/\/galleri-guldlok.dk\/wp-content\/uploads\/2025\/04\/grundtvigs-768x485.jpg 768w\" sizes=\"auto, (max-width: 767px) 89vw, (max-width: 1000px) 54vw, (max-width: 1071px) 543px, 580px\" \/><figcaption class=\"wp-element-caption\">Grundvigs b\u00e5ltale  eller Skriften p\u00e5 Himlen<\/figcaption><\/figure>\n<\/div>\n\n\n<p class=\"has-text-color has-link-color wp-elements-8df3d373f1510fb57dca178eb1f455c7\" style=\"color:#2675a3\">Hvad er det, der g\u00f8r, at du knipser i netop det splits sekund, hvor noget s\u00e6rligt dukker op? Noget du t\u00e6nker dig frem til? &#8211; N\u00e6h umuligt. En intuition af en slags? &#8211; M\u00e5ske! <\/p>\n\n\n\n<p class=\"has-text-color has-link-color wp-elements-8e1f5dcea11ddab2b48d436ecaefd489\" style=\"color:#2675a3\">Men beh\u00f8ver vi egentlig svaret? Blot det at undre sig og g\u00e5 p\u00e5 opdagelse p\u00e5 helt barnlig vis, det er nok for mig. Det er med til at g\u00f8re livet levende og magisk!<\/p>\n\n\n\n<p>.<\/p>\n\n\n\n<p class=\"has-text-align-center has-text-color has-link-color has-medium-font-size wp-elements-8d2459e1b257330c41cf6fc5da05e922\" style=\"color:#2675a3\">Et mystisk ansigt i Piletr\u00e6et ved Guldborgsund.<\/p>\n\n\n\n<p class=\"has-text-align-center has-text-color has-link-color wp-elements-83a661bbc7326ee2b8d685ef6ae5804f\" style=\"color:#2675a3\">Min hensigt med billedet var at fotografere en Solopgang med Piletr\u00e6et som forgrund. Stor var min overraskelse, da jeg kom hjem og s\u00e5 fotoet. Sol var der ikke meget af, men derimod et meget tydeligt ansigt i tr\u00e6et, og det undrede mig, at jeg ikke havde set det, da jeg stod ved tr\u00e6et?<\/p>\n\n\n<div class=\"wp-block-image\">\n<figure class=\"aligncenter size-full is-resized\"><img loading=\"lazy\" decoding=\"async\" width=\"768\" height=\"1024\" src=\"https:\/\/galleri-guldlok.dk\/wp-content\/uploads\/2025\/04\/image.png\" alt=\"\" class=\"wp-image-168\" style=\"width:317px;height:auto\" srcset=\"https:\/\/galleri-guldlok.dk\/wp-content\/uploads\/2025\/04\/image.png 768w, https:\/\/galleri-guldlok.dk\/wp-content\/uploads\/2025\/04\/image-225x300.png 225w\" sizes=\"auto, (max-width: 767px) 89vw, (max-width: 1000px) 54vw, (max-width: 1071px) 543px, 580px\" \/><figcaption class=\"wp-element-caption\">Et mystisk ansigt i piletr\u00e6et ved Guldborgsund<\/figcaption><\/figure>\n<\/div>\n\n\n<p class=\"has-text-align-center has-text-color has-link-color wp-elements-26b00ebea4a66a33ec4ff76fc1152580\" style=\"color:#2675a3\">Fem \u00e5r senere bes\u00f8gte jeg det samme Piletr\u00e6 ved Guldborgsund, men fandt ikke noget ansigt i tr\u00e6et.  Jeg var naturligvis skuffet, og var sikker p\u00e5 at tr\u00e6et pga.. \u00e6lde, m\u00e5tte have nedbrudt ansigtet. For sjov skyld fotograferede jeg tr\u00e6et igen. Og kiggede p\u00e5 fotoet, der igen viste ansigtet. Men hvorfor var det ikke synligt p\u00e5 tr\u00e6et?<br><br>Jeg viste billedet til en prof. fotograf, som kunne fort\u00e6lle mig, at kameraer kan opfange nuancer af lys og skygger, som ikke er synligt for det fysiske \u00f8je.  Derfor!<\/p>\n\n\n\n<p class=\"has-text-align-center has-text-color has-link-color wp-elements-c97816c3af398716a08fc29c0919611d\" style=\"color:#2675a3\">&#8211; s\u00e5 blev jeg s\u00e5 klog &#8211;<\/p>\n\n\n\n<p>.<\/p>\n\n\n\n<p class=\"has-text-align-center has-text-color has-link-color has-medium-font-size wp-elements-d6031b41680fbbe29f7096805b8f9941\" style=\"color:#2675a3\">Nok et piletr\u00e6<\/p>\n\n\n\n<p class=\"has-text-align-center has-text-color has-link-color wp-elements-9ead7fb2566a3450bf07b77656b2fcb7\" style=\"color:#2675a3\">Et Piletr\u00e6 der stod lige overfor &#8220;mit ansigtstr\u00e6&#8221;, fotograferede jeg senere samme dag. Solen stod lavt p\u00e5 himlen. Hvilket gav et fantastisk farvespil. Pludselig er det ikke blot et tr\u00e6, men ogs\u00e5 noget mere!<\/p>\n\n\n<div class=\"wp-block-image\">\n<figure class=\"aligncenter size-full is-resized\"><img loading=\"lazy\" decoding=\"async\" width=\"375\" height=\"500\" src=\"https:\/\/galleri-guldlok.dk\/wp-content\/uploads\/2025\/04\/Piletrae_2a.jpg\" alt=\"\" class=\"wp-image-202\" style=\"width:309px;height:auto\" srcset=\"https:\/\/galleri-guldlok.dk\/wp-content\/uploads\/2025\/04\/Piletrae_2a.jpg 375w, https:\/\/galleri-guldlok.dk\/wp-content\/uploads\/2025\/04\/Piletrae_2a-225x300.jpg 225w\" sizes=\"auto, (max-width: 375px) 100vw, 375px\" \/><figcaption class=\"wp-element-caption\">Et piletr\u00e6 i aftensol ved Guldborgsund<\/figcaption><\/figure>\n<\/div>\n\n\n<p class=\"has-text-align-center has-text-color has-link-color wp-elements-d2cc99e59d2fea0bb3c344f061066242\" style=\"color:#2675a3\">De 2 piletr\u00e6er der stod overfor hinanden, fik mig allerede den gang til at t\u00e6nke og reflekter over den verden, og den tid vi lever i. Kan tolkes p\u00e5 mange m\u00e5der, men viser for mig et verdensbillede ogs\u00e5 af tiden i dag.  <\/p>\n\n\n\n<p class=\"has-text-align-center has-text-color has-link-color wp-elements-cf7efbaee3b30666d8133670982d56de\" style=\"color:#2675a3\">Jeg lader det ligge lidt, men oplever at disse billeder ogs\u00e5 kan opfattes og ses fra en helt anden vinkel end &#8220;blot billeder fra Guldborgsund&#8221;!<br><br>Set sammen &#8211; et dramatisk syn!<\/p>\n\n\n<div class=\"wp-block-image\">\n<figure class=\"aligncenter size-full is-resized\"><img loading=\"lazy\" decoding=\"async\" width=\"613\" height=\"399\" src=\"https:\/\/galleri-guldlok.dk\/wp-content\/uploads\/2025\/10\/2-piletraeer.jpg\" alt=\"\" class=\"wp-image-574\" style=\"width:435px;height:auto\" srcset=\"https:\/\/galleri-guldlok.dk\/wp-content\/uploads\/2025\/10\/2-piletraeer.jpg 613w, https:\/\/galleri-guldlok.dk\/wp-content\/uploads\/2025\/10\/2-piletraeer-300x195.jpg 300w\" sizes=\"auto, (max-width: 613px) 100vw, 613px\" \/><figcaption class=\"wp-element-caption\">To piletr\u00e6er ved Guldborgsund<\/figcaption><\/figure>\n<\/div>\n\n\n<p><\/p>\n\n\n\n<p>.<\/p>\n\n\n\n<p class=\"has-text-align-center has-text-color has-link-color has-medium-font-size wp-elements-0395613aa443ff6900ab80958c094214\" style=\"color:#2675a3\">Til sidst lidt overjordisk Mystik<\/p>\n\n\n\n<p class=\"has-text-align-center has-text-color has-link-color wp-elements-d2a5446f66bf75efca370e5357192d77\" style=\"color:#2675a3\">Is krystaller der blev dannet p\u00e5 et vindue i min s\u00f8sters udestue &#8211; kort efter hendes bortgang januar 2011. <br><br>Et k\u00e6mpe stort Kors m.m. blev dannet af iskrystaller i midten af et vindue (st\u00f8rrelse gulv til loft) i min s\u00f8sters udestue kort efter hendes bortgang. \u00d8verst i h\u00f8jre side ses desuden noget der ligner min s\u00f8sters profil.<\/p>\n\n\n<div class=\"wp-block-image\">\n<figure class=\"aligncenter size-full is-resized\"><img loading=\"lazy\" decoding=\"async\" width=\"543\" height=\"720\" src=\"https:\/\/galleri-guldlok.dk\/wp-content\/uploads\/2025\/04\/iskrystaller-paa-vindue.jpg\" alt=\"\" class=\"wp-image-133\" style=\"width:330px;height:auto\" srcset=\"https:\/\/galleri-guldlok.dk\/wp-content\/uploads\/2025\/04\/iskrystaller-paa-vindue.jpg 543w, https:\/\/galleri-guldlok.dk\/wp-content\/uploads\/2025\/04\/iskrystaller-paa-vindue-226x300.jpg 226w\" sizes=\"auto, (max-width: 543px) 100vw, 543px\" \/><figcaption class=\"wp-element-caption\">Iskrystaller p\u00e5 et vindue efter min s\u00f8sters bortgang<\/figcaption><\/figure>\n<\/div>\n\n\n<p class=\"has-text-align-center has-text-color has-link-color wp-elements-3b7cf9e81c291352fc3a73d87ea70c07\" style=\"color:#2675a3\">Noget af en g\u00e5de, og fortsat en g\u00e5de, hvordan s\u00e5dant opst\u00e5r? Nogen her, der kigger med, der kender svaret? Hvis, lad mig h\u00f8re fra dig!<\/p>\n\n\n\n<p class=\"has-text-align-center has-text-color has-link-color wp-elements-f7fd7f5265e028bb0df787733d9a24af\" style=\"color:#2675a3\"><a href=\"https:\/\/galleri-guldlok.dk\/index.php\/magiske-foto\/\" data-type=\"page\" data-id=\"72\">Til toppen<\/a><\/p>\n\n\n\n<p><\/p>\n","protected":false},"excerpt":{"rendered":"<p>MAGISKE OG US\u00c6DVANLIGE FOTOGRAFIER Solstr\u00e5ler giver ofte et sp\u00e6ndende farvespil, alt efter hvordan de spejler sig p\u00e5 kameraets linse. Et godt eksempel p\u00e5 det ses p\u00e5 billedet herunder &#8211; ren magi! N\u00e6rbillede af Solen ved daggry De synlige pletter p\u00e5 Solen er Soludbrud, som var p\u00e5 Solen den p\u00e5g\u00e6ldende dag. Fotograferet med min mobil gennem &hellip; <\/p>\n<p class=\"link-more\"><a href=\"https:\/\/galleri-guldlok.dk\/index.php\/magiske-foto\/\" class=\"more-link\">L\u00e6s videre<span class=\"screen-reader-text\"> &#8220;Magiske foto&#8221;<\/span><\/a><\/p>\n","protected":false},"author":1,"featured_media":0,"parent":0,"menu_order":0,"comment_status":"closed","ping_status":"closed","template":"","meta":{"footnotes":""},"class_list":["post-72","page","type-page","status-publish","hentry"],"yoast_head":"<!-- This site is optimized with the Yoast SEO plugin v27.3 - https:\/\/yoast.com\/product\/yoast-seo-wordpress\/ -->\n<title>Magiske foto - galleri-guldlok<\/title>\n<meta name=\"description\" content=\"Us\u00e6dvanlige fotos hvor der opst\u00e5r noget magisk alt efter hvordan lyset eller solstr\u00e5lerne falder p\u00e5 - eller igennem dit motiv!\" \/>\n<meta name=\"robots\" content=\"index, follow, max-snippet:-1, max-image-preview:large, max-video-preview:-1\" \/>\n<link rel=\"canonical\" href=\"https:\/\/galleri-guldlok.dk\/index.php\/magiske-foto\/\" \/>\n<meta property=\"og:locale\" content=\"da_DK\" \/>\n<meta property=\"og:type\" content=\"article\" \/>\n<meta property=\"og:title\" content=\"Magiske foto - galleri-guldlok\" \/>\n<meta property=\"og:description\" content=\"Us\u00e6dvanlige fotos hvor der opst\u00e5r noget magisk alt efter hvordan lyset eller solstr\u00e5lerne falder p\u00e5 - eller igennem dit motiv!\" \/>\n<meta property=\"og:url\" content=\"https:\/\/galleri-guldlok.dk\/index.php\/magiske-foto\/\" \/>\n<meta property=\"og:site_name\" content=\"galleri-guldlok\" \/>\n<meta property=\"article:modified_time\" content=\"2025-10-25T17:30:14+00:00\" \/>\n<meta property=\"og:image\" content=\"https:\/\/galleri-guldlok.dk\/wp-content\/uploads\/2025\/04\/orbs-trae.jpg\" \/>\n\t<meta property=\"og:image:width\" content=\"476\" \/>\n\t<meta property=\"og:image:height\" content=\"700\" \/>\n\t<meta property=\"og:image:type\" content=\"image\/jpeg\" \/>\n<meta name=\"twitter:card\" content=\"summary_large_image\" \/>\n<meta name=\"twitter:label1\" content=\"Estimeret l\u00e6setid\" \/>\n\t<meta name=\"twitter:data1\" content=\"5 minutter\" \/>\n<script type=\"application\/ld+json\" class=\"yoast-schema-graph\">{\"@context\":\"https:\\\/\\\/schema.org\",\"@graph\":[{\"@type\":\"WebPage\",\"@id\":\"https:\\\/\\\/galleri-guldlok.dk\\\/index.php\\\/magiske-foto\\\/\",\"url\":\"https:\\\/\\\/galleri-guldlok.dk\\\/index.php\\\/magiske-foto\\\/\",\"name\":\"Magiske foto - galleri-guldlok\",\"isPartOf\":{\"@id\":\"https:\\\/\\\/galleri-guldlok.dk\\\/#website\"},\"primaryImageOfPage\":{\"@id\":\"https:\\\/\\\/galleri-guldlok.dk\\\/index.php\\\/magiske-foto\\\/#primaryimage\"},\"image\":{\"@id\":\"https:\\\/\\\/galleri-guldlok.dk\\\/index.php\\\/magiske-foto\\\/#primaryimage\"},\"thumbnailUrl\":\"https:\\\/\\\/galleri-guldlok.dk\\\/wp-content\\\/uploads\\\/2025\\\/04\\\/orbs-trae.jpg\",\"datePublished\":\"2021-12-01T14:44:49+00:00\",\"dateModified\":\"2025-10-25T17:30:14+00:00\",\"description\":\"Us\u00e6dvanlige fotos hvor der opst\u00e5r noget magisk alt efter hvordan lyset eller solstr\u00e5lerne falder p\u00e5 - eller igennem dit motiv!\",\"breadcrumb\":{\"@id\":\"https:\\\/\\\/galleri-guldlok.dk\\\/index.php\\\/magiske-foto\\\/#breadcrumb\"},\"inLanguage\":\"da-DK\",\"potentialAction\":[{\"@type\":\"ReadAction\",\"target\":[\"https:\\\/\\\/galleri-guldlok.dk\\\/index.php\\\/magiske-foto\\\/\"]}]},{\"@type\":\"ImageObject\",\"inLanguage\":\"da-DK\",\"@id\":\"https:\\\/\\\/galleri-guldlok.dk\\\/index.php\\\/magiske-foto\\\/#primaryimage\",\"url\":\"https:\\\/\\\/galleri-guldlok.dk\\\/wp-content\\\/uploads\\\/2025\\\/04\\\/orbs-trae.jpg\",\"contentUrl\":\"https:\\\/\\\/galleri-guldlok.dk\\\/wp-content\\\/uploads\\\/2025\\\/04\\\/orbs-trae.jpg\",\"width\":476,\"height\":700},{\"@type\":\"BreadcrumbList\",\"@id\":\"https:\\\/\\\/galleri-guldlok.dk\\\/index.php\\\/magiske-foto\\\/#breadcrumb\",\"itemListElement\":[{\"@type\":\"ListItem\",\"position\":1,\"name\":\"Hjem\",\"item\":\"https:\\\/\\\/galleri-guldlok.dk\\\/\"},{\"@type\":\"ListItem\",\"position\":2,\"name\":\"Magiske foto\"}]},{\"@type\":\"WebSite\",\"@id\":\"https:\\\/\\\/galleri-guldlok.dk\\\/#website\",\"url\":\"https:\\\/\\\/galleri-guldlok.dk\\\/\",\"name\":\"galleri-guldlok\",\"description\":\"En magisk billedeverden v\\\/AnnaBodil Lildholdt Rytz\",\"publisher\":{\"@id\":\"https:\\\/\\\/galleri-guldlok.dk\\\/#\\\/schema\\\/person\\\/13f16e1261ba18c8bc6c47510b9355ee\"},\"potentialAction\":[{\"@type\":\"SearchAction\",\"target\":{\"@type\":\"EntryPoint\",\"urlTemplate\":\"https:\\\/\\\/galleri-guldlok.dk\\\/?s={search_term_string}\"},\"query-input\":{\"@type\":\"PropertyValueSpecification\",\"valueRequired\":true,\"valueName\":\"search_term_string\"}}],\"inLanguage\":\"da-DK\"},{\"@type\":[\"Person\",\"Organization\"],\"@id\":\"https:\\\/\\\/galleri-guldlok.dk\\\/#\\\/schema\\\/person\\\/13f16e1261ba18c8bc6c47510b9355ee\",\"name\":\"admin\",\"image\":{\"@type\":\"ImageObject\",\"inLanguage\":\"da-DK\",\"@id\":\"https:\\\/\\\/galleri-guldlok.dk\\\/wp-content\\\/uploads\\\/2025\\\/04\\\/cropped-solsving.jpg\",\"url\":\"https:\\\/\\\/galleri-guldlok.dk\\\/wp-content\\\/uploads\\\/2025\\\/04\\\/cropped-solsving.jpg\",\"contentUrl\":\"https:\\\/\\\/galleri-guldlok.dk\\\/wp-content\\\/uploads\\\/2025\\\/04\\\/cropped-solsving.jpg\",\"width\":2000,\"height\":1200,\"caption\":\"admin\"},\"logo\":{\"@id\":\"https:\\\/\\\/galleri-guldlok.dk\\\/wp-content\\\/uploads\\\/2025\\\/04\\\/cropped-solsving.jpg\"},\"sameAs\":[\"https:\\\/\\\/galleri-guldlok.dk\"]}]}<\/script>\n<!-- \/ Yoast SEO plugin. -->","yoast_head_json":{"title":"Magiske foto - galleri-guldlok","description":"Us\u00e6dvanlige fotos hvor der opst\u00e5r noget magisk alt efter hvordan lyset eller solstr\u00e5lerne falder p\u00e5 - eller igennem dit motiv!","robots":{"index":"index","follow":"follow","max-snippet":"max-snippet:-1","max-image-preview":"max-image-preview:large","max-video-preview":"max-video-preview:-1"},"canonical":"https:\/\/galleri-guldlok.dk\/index.php\/magiske-foto\/","og_locale":"da_DK","og_type":"article","og_title":"Magiske foto - galleri-guldlok","og_description":"Us\u00e6dvanlige fotos hvor der opst\u00e5r noget magisk alt efter hvordan lyset eller solstr\u00e5lerne falder p\u00e5 - eller igennem dit motiv!","og_url":"https:\/\/galleri-guldlok.dk\/index.php\/magiske-foto\/","og_site_name":"galleri-guldlok","article_modified_time":"2025-10-25T17:30:14+00:00","og_image":[{"width":476,"height":700,"url":"https:\/\/galleri-guldlok.dk\/wp-content\/uploads\/2025\/04\/orbs-trae.jpg","type":"image\/jpeg"}],"twitter_card":"summary_large_image","twitter_misc":{"Estimeret l\u00e6setid":"5 minutter"},"schema":{"@context":"https:\/\/schema.org","@graph":[{"@type":"WebPage","@id":"https:\/\/galleri-guldlok.dk\/index.php\/magiske-foto\/","url":"https:\/\/galleri-guldlok.dk\/index.php\/magiske-foto\/","name":"Magiske foto - galleri-guldlok","isPartOf":{"@id":"https:\/\/galleri-guldlok.dk\/#website"},"primaryImageOfPage":{"@id":"https:\/\/galleri-guldlok.dk\/index.php\/magiske-foto\/#primaryimage"},"image":{"@id":"https:\/\/galleri-guldlok.dk\/index.php\/magiske-foto\/#primaryimage"},"thumbnailUrl":"https:\/\/galleri-guldlok.dk\/wp-content\/uploads\/2025\/04\/orbs-trae.jpg","datePublished":"2021-12-01T14:44:49+00:00","dateModified":"2025-10-25T17:30:14+00:00","description":"Us\u00e6dvanlige fotos hvor der opst\u00e5r noget magisk alt efter hvordan lyset eller solstr\u00e5lerne falder p\u00e5 - eller igennem dit motiv!","breadcrumb":{"@id":"https:\/\/galleri-guldlok.dk\/index.php\/magiske-foto\/#breadcrumb"},"inLanguage":"da-DK","potentialAction":[{"@type":"ReadAction","target":["https:\/\/galleri-guldlok.dk\/index.php\/magiske-foto\/"]}]},{"@type":"ImageObject","inLanguage":"da-DK","@id":"https:\/\/galleri-guldlok.dk\/index.php\/magiske-foto\/#primaryimage","url":"https:\/\/galleri-guldlok.dk\/wp-content\/uploads\/2025\/04\/orbs-trae.jpg","contentUrl":"https:\/\/galleri-guldlok.dk\/wp-content\/uploads\/2025\/04\/orbs-trae.jpg","width":476,"height":700},{"@type":"BreadcrumbList","@id":"https:\/\/galleri-guldlok.dk\/index.php\/magiske-foto\/#breadcrumb","itemListElement":[{"@type":"ListItem","position":1,"name":"Hjem","item":"https:\/\/galleri-guldlok.dk\/"},{"@type":"ListItem","position":2,"name":"Magiske foto"}]},{"@type":"WebSite","@id":"https:\/\/galleri-guldlok.dk\/#website","url":"https:\/\/galleri-guldlok.dk\/","name":"galleri-guldlok","description":"En magisk billedeverden v\/AnnaBodil Lildholdt Rytz","publisher":{"@id":"https:\/\/galleri-guldlok.dk\/#\/schema\/person\/13f16e1261ba18c8bc6c47510b9355ee"},"potentialAction":[{"@type":"SearchAction","target":{"@type":"EntryPoint","urlTemplate":"https:\/\/galleri-guldlok.dk\/?s={search_term_string}"},"query-input":{"@type":"PropertyValueSpecification","valueRequired":true,"valueName":"search_term_string"}}],"inLanguage":"da-DK"},{"@type":["Person","Organization"],"@id":"https:\/\/galleri-guldlok.dk\/#\/schema\/person\/13f16e1261ba18c8bc6c47510b9355ee","name":"admin","image":{"@type":"ImageObject","inLanguage":"da-DK","@id":"https:\/\/galleri-guldlok.dk\/wp-content\/uploads\/2025\/04\/cropped-solsving.jpg","url":"https:\/\/galleri-guldlok.dk\/wp-content\/uploads\/2025\/04\/cropped-solsving.jpg","contentUrl":"https:\/\/galleri-guldlok.dk\/wp-content\/uploads\/2025\/04\/cropped-solsving.jpg","width":2000,"height":1200,"caption":"admin"},"logo":{"@id":"https:\/\/galleri-guldlok.dk\/wp-content\/uploads\/2025\/04\/cropped-solsving.jpg"},"sameAs":["https:\/\/galleri-guldlok.dk"]}]}},"_links":{"self":[{"href":"https:\/\/galleri-guldlok.dk\/index.php\/wp-json\/wp\/v2\/pages\/72","targetHints":{"allow":["GET"]}}],"collection":[{"href":"https:\/\/galleri-guldlok.dk\/index.php\/wp-json\/wp\/v2\/pages"}],"about":[{"href":"https:\/\/galleri-guldlok.dk\/index.php\/wp-json\/wp\/v2\/types\/page"}],"author":[{"embeddable":true,"href":"https:\/\/galleri-guldlok.dk\/index.php\/wp-json\/wp\/v2\/users\/1"}],"replies":[{"embeddable":true,"href":"https:\/\/galleri-guldlok.dk\/index.php\/wp-json\/wp\/v2\/comments?post=72"}],"version-history":[{"count":72,"href":"https:\/\/galleri-guldlok.dk\/index.php\/wp-json\/wp\/v2\/pages\/72\/revisions"}],"predecessor-version":[{"id":820,"href":"https:\/\/galleri-guldlok.dk\/index.php\/wp-json\/wp\/v2\/pages\/72\/revisions\/820"}],"wp:attachment":[{"href":"https:\/\/galleri-guldlok.dk\/index.php\/wp-json\/wp\/v2\/media?parent=72"}],"curies":[{"name":"wp","href":"https:\/\/api.w.org\/{rel}","templated":true}]}}